{"id":158,"date":"2023-12-22T18:58:00","date_gmt":"2023-12-22T17:58:00","guid":{"rendered":"https:\/\/agklima.salvatornetz.de\/?page_id=158"},"modified":"2025-02-22T22:52:14","modified_gmt":"2025-02-22T21:52:14","slug":"willkommen","status":"publish","type":"page","link":"https:\/\/agklima.salvatornetz.de\/?page_id=158","title":{"rendered":"Willkommen"},"content":{"rendered":"\n<figure class=\"wp-block-image size-full\"><img loading=\"lazy\" decoding=\"async\" width=\"613\" height=\"361\" src=\"http:\/\/agklima.salvatornetz.de\/wp-content\/uploads\/2023\/12\/willkommen.jpg\" alt=\"\" class=\"wp-image-150\" srcset=\"https:\/\/agklima.salvatornetz.de\/wp-content\/uploads\/2023\/12\/willkommen.jpg 613w, https:\/\/agklima.salvatornetz.de\/wp-content\/uploads\/2023\/12\/willkommen-300x177.jpg 300w\" sizes=\"auto, (max-width: 613px) 100vw, 613px\" \/><\/figure>\n\n\n\n<p>Liebe Ehemalige und Salvatorianer,<\/p>\n\n\n\n<p>Unsere Gruppe wurde 2010 vom Kirchenvorstand und Pfarrer Lau berufen, um Energieprobleme der Gemeinde zu beraten und Energiefragen zu beantworten. Nach \u00dcbergabe unserer Expertisen in 2013 schlief die Arbeit f\u00fcr eine Dekade ein.<\/p>\n\n\n\n<p>Mit der M\u00f6glichkeit in 2023, mit dem Denkmalschutz doch eine \u00dcbereinkunft zur Errichtung einer PV-Anlage zu erzielen, hat der Gemeinderat, insbesondere sein Sprecher B. Pf. die Initiative pro Solaranlage ergriffen. Somit bekommt auch diese Seite wieder eine Gelegenheit, die Gemeinde ab 2024 \u00fcber das aktuelle Geschehen bez\u00fcglich unserer \u201eKlimaaktivit\u00e4ten\u201c zu informieren und per Blog einzubinden.<br>Die bis 2013 erstellten Beitr\u00e4ge sind im <a href=\"https:\/\/agklima.salvatornetz.de\/\">Blog<\/a> weiterhin zug\u00e4nglich. Vielleicht werden sie noch gebraucht, um das sprichw\u00f6rtliche Rad nicht neu zu erfinden. Gerade die f\u00fcr Salvator ungeeignete Geothermie, damals ausgiebig gepr\u00fcft, ist andernorts f\u00fcr die zuk\u00fcnftige W\u00e4rmeversorgung zur Zeit hochaktuell. Wie auch manches andere damals in der AG bearbeitete Thema.<\/p>\n\n\n\n<p>Hans U. Scholz, 22.12.2023<\/p>\n","protected":false},"excerpt":{"rendered":"<p>Liebe Ehemalige und Salvatorianer, Unsere Gruppe wurde 2010 vom Kirchenvorstand und Pfarrer Lau berufen, um Energieprobleme der Gemeinde zu beraten und Energiefragen zu beantworten. Nach \u00dcbergabe unserer Expertisen in 2013 schlief die Arbeit f\u00fcr eine Dekade ein. Mit der M\u00f6glichkeit in 2023, mit dem Denkmalschutz doch eine \u00dcbereinkunft zur Errichtung einer PV-Anlage zu erzielen, hat [&hellip;]<\/p>\n","protected":false},"author":1,"featured_media":150,"parent":0,"menu_order":0,"comment_status":"open","ping_status":"closed","template":"","meta":{"footnotes":""},"class_list":["post-158","page","type-page","status-publish","has-post-thumbnail","hentry","entry","has-media"],"_links":{"self":[{"href":"https:\/\/agklima.salvatornetz.de\/index.php?rest_route=\/wp\/v2\/pages\/158","targetHints":{"allow":["GET"]}}],"collection":[{"href":"https:\/\/agklima.salvatornetz.de\/index.php?rest_route=\/wp\/v2\/pages"}],"about":[{"href":"https:\/\/agklima.salvatornetz.de\/index.php?rest_route=\/wp\/v2\/types\/page"}],"author":[{"embeddable":true,"href":"https:\/\/agklima.salvatornetz.de\/index.php?rest_route=\/wp\/v2\/users\/1"}],"replies":[{"embeddable":true,"href":"https:\/\/agklima.salvatornetz.de\/index.php?rest_route=%2Fwp%2Fv2%2Fcomments&post=158"}],"version-history":[{"count":4,"href":"https:\/\/agklima.salvatornetz.de\/index.php?rest_route=\/wp\/v2\/pages\/158\/revisions"}],"predecessor-version":[{"id":327,"href":"https:\/\/agklima.salvatornetz.de\/index.php?rest_route=\/wp\/v2\/pages\/158\/revisions\/327"}],"wp:featuredmedia":[{"embeddable":true,"href":"https:\/\/agklima.salvatornetz.de\/index.php?rest_route=\/wp\/v2\/media\/150"}],"wp:attachment":[{"href":"https:\/\/agklima.salvatornetz.de\/index.php?rest_route=%2Fwp%2Fv2%2Fmedia&parent=158"}],"curies":[{"name":"wp","href":"https:\/\/api.w.org\/{rel}","templated":true}]}}