{"id":262,"date":"2010-06-24T11:50:00","date_gmt":"2010-06-24T09:50:00","guid":{"rendered":"https:\/\/agklima.salvatornetz.de\/?page_id=262"},"modified":"2025-02-22T12:09:24","modified_gmt":"2025-02-22T11:09:24","slug":"erklaerungen-vom-admin","status":"publish","type":"page","link":"https:\/\/agklima.salvatornetz.de\/?page_id=262","title":{"rendered":"Erkl\u00e4rungen vom admin"},"content":{"rendered":"\n<p>Hier einige Details zu diesem Webauftritt, die mir einfallen.<\/p>\n\n\n\n<p><strong>24\/7-Plattform<\/strong><\/p>\n\n\n\n<p>Die 24\/7-Plattform habe ich der Gruppe vorgeschlagen,<br>\u2013 weil einmal ein Archiv entsteht, dass jeden, wenn er will, davon befreit, sich die Sachen der Gruppe auf die Festplatte zu laden.<br>\u2013 weil sp\u00e4ter dazukommende Mitglieder, wenn sie wollen, Zugriff auf alles Gewesene erhalten.<br>\u2013 weil Ideen sofort registriert werden k\u00f6nnen und andere Teilnehmer das fr\u00fchzeitig aufgreifen und erg\u00e4nzen k\u00f6nnen.<br>\u2013 weil man ja nicht immer an den Sitzungen teilnehmen kann, im Gegenteil durch einen 24\/7-Austausch die Zahl der pers\u00f6nlichen Begegnungen auf eine oder zwei Partys pro Jahr heruntergefahren werden k\u00f6nnen.<br>\u2013 weil weniger Papier anf\u00e4llt.<br>\u2013 weil es nichts kostet.<\/p>\n\n\n\n<p><strong>Mitmachen oder Mitarbeiten<\/strong><\/p>\n\n\n\n<p>Das Blog hier ist \u00f6ffentlich, also kann alle Welt hier mitlesen. Aber die Einstellung ist so, dass \u00fcberall kommentiert werden kann, anonym, mit K\u00fcrzel, mit Nick oder richtigem Namen. Dadurch kann alle Welt mitmachen. Denn Kommentare k\u00f6nnen Infos, Kritiken, W\u00fcnsche, usw. zum Einarbeiten und Beachten enthalten.<br>F\u00fcr das Mitmachen gilt eine Einladung, sich beim admin per E-Mail zu melden und der AG beizutreten. Als Redakteur kann dann alles hier ge\u00e4ndert, erg\u00e4nzt oder eingerichtet werden.<\/p>\n\n\n\n<p><strong>CMS mit WordPress<\/strong><\/p>\n\n\n\n<p>Wer einen Webplatz im Internet hat, kann mit WordPress seine Webseiten komplett gestalten. So etwas nennt man ein CMS = Content Management System. Das liegt hier auch vor, wenn auch h\u00f6chsten 3% der M\u00f6glichkeiten von WordPress hier genutzt werden. Besteht Interesse mit WordPress was Eigenes zu erstellen, es fehlt aber am K\u00f6nnen, helfe ich gerne. Dar\u00fcberhinaus, weil alle AG-Mitglieder gleichberechtigt sind, mache ich jeden, der will, zu einem admin mit allen Rechten, einschlie\u00dflich dem, mich zu degradieren oder zu entfernen.<\/p>\n\n\n\n<p><strong>Wie weit geht hier die Gleichberechtigung?<\/strong><\/p>\n\n\n\n<p>Alle Mitglieder der AG, die m\u00f6chten, sind Redakteure. Wenn im CMS-Backend das Men\u00fc \u201eMein Dashboard\u201c ge\u00f6ffnet wird, stehen Artikel, Seiten und Kommentare zum neu Einrichten und zum \u00c4ndern oder L\u00f6schen zur Verf\u00fcgung. Der admin kann dar\u00fcberhinaus Mitglieder aufnehmen und das Design \u00e4ndern. <\/p>\n\n\n\n<p>Stand 24.6.10<\/p>\n\n\n\n<p><\/p>\n","protected":false},"excerpt":{"rendered":"<p>Hier einige Details zu diesem Webauftritt, die mir einfallen. 24\/7-Plattform Die 24\/7-Plattform habe ich der Gruppe vorgeschlagen,\u2013 weil einmal ein Archiv entsteht, dass jeden, wenn er will, davon befreit, sich die Sachen der Gruppe auf die Festplatte zu laden.\u2013 weil sp\u00e4ter dazukommende Mitglieder, wenn sie wollen, Zugriff auf alles Gewesene erhalten.\u2013 weil Ideen sofort registriert [&hellip;]<\/p>\n","protected":false},"author":1,"featured_media":0,"parent":96,"menu_order":0,"comment_status":"open","ping_status":"closed","template":"","meta":{"footnotes":""},"class_list":["post-262","page","type-page","status-publish","hentry","entry"],"_links":{"self":[{"href":"https:\/\/agklima.salvatornetz.de\/index.php?rest_route=\/wp\/v2\/pages\/262","targetHints":{"allow":["GET"]}}],"collection":[{"href":"https:\/\/agklima.salvatornetz.de\/index.php?rest_route=\/wp\/v2\/pages"}],"about":[{"href":"https:\/\/agklima.salvatornetz.de\/index.php?rest_route=\/wp\/v2\/types\/page"}],"author":[{"embeddable":true,"href":"https:\/\/agklima.salvatornetz.de\/index.php?rest_route=\/wp\/v2\/users\/1"}],"replies":[{"embeddable":true,"href":"https:\/\/agklima.salvatornetz.de\/index.php?rest_route=%2Fwp%2Fv2%2Fcomments&post=262"}],"version-history":[{"count":1,"href":"https:\/\/agklima.salvatornetz.de\/index.php?rest_route=\/wp\/v2\/pages\/262\/revisions"}],"predecessor-version":[{"id":263,"href":"https:\/\/agklima.salvatornetz.de\/index.php?rest_route=\/wp\/v2\/pages\/262\/revisions\/263"}],"up":[{"embeddable":true,"href":"https:\/\/agklima.salvatornetz.de\/index.php?rest_route=\/wp\/v2\/pages\/96"}],"wp:attachment":[{"href":"https:\/\/agklima.salvatornetz.de\/index.php?rest_route=%2Fwp%2Fv2%2Fmedia&parent=262"}],"curies":[{"name":"wp","href":"https:\/\/api.w.org\/{rel}","templated":true}]}}