{"id":269,"date":"2010-11-22T12:23:00","date_gmt":"2010-11-22T11:23:00","guid":{"rendered":"https:\/\/agklima.salvatornetz.de\/?page_id=269"},"modified":"2025-02-28T20:57:13","modified_gmt":"2025-02-28T19:57:13","slug":"269-2","status":"publish","type":"page","link":"https:\/\/agklima.salvatornetz.de\/?page_id=269","title":{"rendered":"Status"},"content":{"rendered":"\n<p><strong>Sch\u00f6pfung bewahren \u2013 Klima sch\u00fctzen \u2013 Energie sparen<br><\/strong><br>Diese Seiten stellen den Arbeitskomplex der AG Klima dar.<br>Grundlage sind die von G-W. G. zusammengestellten bisherigen Themen mit Stand vom 12.11.10<br>Offene und noch zu kl\u00e4rende Fragen werden herausgestellt.<br>(Bem.: Deren Abbildung, erstellt in Unterseitenform von hansulrich, ist ein Mix an Details, die auf die Rubriken \u201eAktivit\u00e4ten\u201c und \u201e<a href=\"https:\/\/agklima.salvatornetz.de\/?page_id=345\" data-type=\"page\" data-id=\"345\" target=\"_blank\" rel=\"noreferrer noopener\">Infos<\/a>\u201c verteilt werden k\u00f6nnten. Vorschl\u00e4ge, etc. willkommen.)<\/p>\n\n\n\n<p class=\"has-small-font-size\"><a href=\"https:\/\/agklima.salvatornetz.de\/?page_id=274\">ENERGETISCHE UNTERSUCHUNG<\/a><br><a href=\"https:\/\/agklima.salvatornetz.de\/?page_id=278\">STROMNUTZUNG<\/a><br><a href=\"https:\/\/agklima.salvatornetz.de\/?page_id=286\">STROMERZEUGUNG<\/a><br> &#8211; <a href=\"https:\/\/agklima.salvatornetz.de\/?page_id=290\">PHOTOVOLTAIK (PV)<\/a><br> &#8211; <a href=\"https:\/\/agklima.salvatornetz.de\/?page_id=294\">WINDKRAFT<\/a><br><a href=\"https:\/\/agklima.salvatornetz.de\/?page_id=299\">HEIZENERGIE<\/a><br> &#8211; <a href=\"https:\/\/agklima.salvatornetz.de\/?page_id=305\">SINNVOLL HEIZEN<\/a><br><a href=\"http:\/\/<p&gt;Zu d\u00e4mmen sind:<\/p&gt; <ul&gt; <li&gt;Au\u00dfenw\u00e4nde<\/li&gt; <li&gt;Kellerdecke oder \u2013boden<\/li&gt; <li&gt;Dach oder Decke im OG<\/li&gt; <li&gt;Fenster<\/li&gt; <\/ul&gt; <h3&gt;Anmerkungen<\/h3&gt; <ul&gt; <li&gt;Das D\u00e4mmen der Au\u00dfenw\u00e4nde wird aus Kostengr\u00fcnden und wegen des      Denkmalschutzes unrealistisch sein.<\/li&gt; <li&gt;Die M\u00f6glichkeit Dach und Keller (zus\u00e4tzlich) zu d\u00e4mmen wird die      energetische Untersuchung betrachten.<\/li&gt; <\/ul&gt; <p&gt;Alte Fenster auszutauschen wird sinnvoll sein. In welchem Umfang, wird ebenfalls die energetische Untersuchung ergeben.<\/p&gt;\">W\u00c4RMED\u00c4MMUNG<\/a><br><a href=\"https:\/\/agklima.salvatornetz.de\/?page_id=314\">BRENNWERTTECHNIK<\/a><br> &#8211; <a href=\"https:\/\/agklima.salvatornetz.de\/?page_id=318\">\u00d6L ODER GAS<\/a><br> &#8211; <a href=\"https:\/\/agklima.salvatornetz.de\/?page_id=321\">VORLAUFTEMPERATUR<\/a><br><a href=\"https:\/\/agklima.salvatornetz.de\/?page_id=498\">HOLZPELLETS<\/a><br><a href=\"https:\/\/agklima.salvatornetz.de\/?page_id=336\">KRAFT-W\u00c4RME-KOPPLUNG<\/a><br><a href=\"https:\/\/agks.wordpress.com\/status\/warmepumpe\/\">W\u00c4RMEPUMPE<\/a><br> &#8211; <a href=\"https:\/\/agks.wordpress.com\/status\/warmepumpe\/wirkungsgrad-wirtschaftlichkeit\/\">WIRKUNGSGRAD\/ WIRTSCHAFTLICHKEIT<\/a><br><a href=\"https:\/\/agks.wordpress.com\/status\/warmwassererzeugung\/\">WARMWASSERERZEUGUNG<\/a><br><a href=\"https:\/\/agks.wordpress.com\/status\/regenwasser\/\">REGENWASSER<\/a><\/p>\n\n\n\n<p class=\"has-small-font-size\">Stand 13.11.2010<\/p>\n\n\n\n<hr class=\"wp-block-separator has-alpha-channel-opacity is-style-wide\"\/>\n","protected":false},"excerpt":{"rendered":"<p>Sch\u00f6pfung bewahren \u2013 Klima sch\u00fctzen \u2013 Energie sparenDiese Seiten stellen den Arbeitskomplex der AG Klima dar.Grundlage sind die von G-W. G. zusammengestellten bisherigen Themen mit Stand vom 12.11.10Offene und noch zu kl\u00e4rende Fragen werden herausgestellt.(Bem.: Deren Abbildung, erstellt in Unterseitenform von hansulrich, ist ein Mix an Details, die auf die Rubriken \u201eAktivit\u00e4ten\u201c und \u201eInfos\u201c verteilt [&hellip;]<\/p>\n","protected":false},"author":1,"featured_media":0,"parent":0,"menu_order":0,"comment_status":"open","ping_status":"closed","template":"","meta":{"footnotes":""},"class_list":["post-269","page","type-page","status-publish","hentry","entry"],"_links":{"self":[{"href":"https:\/\/agklima.salvatornetz.de\/index.php?rest_route=\/wp\/v2\/pages\/269","targetHints":{"allow":["GET"]}}],"collection":[{"href":"https:\/\/agklima.salvatornetz.de\/index.php?rest_route=\/wp\/v2\/pages"}],"about":[{"href":"https:\/\/agklima.salvatornetz.de\/index.php?rest_route=\/wp\/v2\/types\/page"}],"author":[{"embeddable":true,"href":"https:\/\/agklima.salvatornetz.de\/index.php?rest_route=\/wp\/v2\/users\/1"}],"replies":[{"embeddable":true,"href":"https:\/\/agklima.salvatornetz.de\/index.php?rest_route=%2Fwp%2Fv2%2Fcomments&post=269"}],"version-history":[{"count":10,"href":"https:\/\/agklima.salvatornetz.de\/index.php?rest_route=\/wp\/v2\/pages\/269\/revisions"}],"predecessor-version":[{"id":516,"href":"https:\/\/agklima.salvatornetz.de\/index.php?rest_route=\/wp\/v2\/pages\/269\/revisions\/516"}],"wp:attachment":[{"href":"https:\/\/agklima.salvatornetz.de\/index.php?rest_route=%2Fwp%2Fv2%2Fmedia&parent=269"}],"curies":[{"name":"wp","href":"https:\/\/api.w.org\/{rel}","templated":true}]}}