{"id":274,"date":"2010-11-13T12:46:00","date_gmt":"2010-11-13T11:46:00","guid":{"rendered":"https:\/\/agklima.salvatornetz.de\/?page_id=274"},"modified":"2025-02-28T20:54:41","modified_gmt":"2025-02-28T19:54:41","slug":"energetische-untersuchung","status":"publish","type":"page","link":"https:\/\/agklima.salvatornetz.de\/?page_id=274","title":{"rendered":"Energetische Untersuchung"},"content":{"rendered":"\n<p>Das Interesse an einer energetischen Untersuchung aller Geb\u00e4ude unserer Gemeinde ist gegen\u00fcber dem EBO bekundet. Das Ergebnis wird uns hoffentlich unterst\u00fctzendes Material liefern zur wirtschaftlichen Energieeinsparung. Die Untersuchung wird vermutlich in 2011 durch ein externes B\u00fcro durchgef\u00fchrt. Die Kostenfrage ist nicht gekl\u00e4rt: Wer zahlt wie viel.<\/p>\n\n\n\n<p>Am 19. 1. 2011 sind bei unserem Treffen Fotos von Gemeindezentrum (GZ) und Pfarrhaus (PH) entstanden. Abrufbar per E-Mail.<\/p>\n\n\n\n<hr class=\"wp-block-separator has-alpha-channel-opacity is-style-wide\"\/>\n\n\n\n<p class=\"has-text-align-center\"><a href=\"https:\/\/agklima.salvatornetz.de\/?page_id=269\">Zur\u00fcck zu Status<\/a> &#8211; <a href=\"https:\/\/agklima.salvatornetz.de\/?page_id=278\">Weiter mit Stromnutzung<\/a><\/p>\n\n\n\n<p><\/p>\n","protected":false},"excerpt":{"rendered":"<p>Das Interesse an einer energetischen Untersuchung aller Geb\u00e4ude unserer Gemeinde ist gegen\u00fcber dem EBO bekundet. Das Ergebnis wird uns hoffentlich unterst\u00fctzendes Material liefern zur wirtschaftlichen Energieeinsparung. Die Untersuchung wird vermutlich in 2011 durch ein externes B\u00fcro durchgef\u00fchrt. Die Kostenfrage ist nicht gekl\u00e4rt: Wer zahlt wie viel. Am 19. 1. 2011 sind bei unserem Treffen Fotos [&hellip;]<\/p>\n","protected":false},"author":1,"featured_media":0,"parent":0,"menu_order":0,"comment_status":"open","ping_status":"closed","template":"","meta":{"footnotes":""},"class_list":["post-274","page","type-page","status-publish","hentry","entry"],"_links":{"self":[{"href":"https:\/\/agklima.salvatornetz.de\/index.php?rest_route=\/wp\/v2\/pages\/274","targetHints":{"allow":["GET"]}}],"collection":[{"href":"https:\/\/agklima.salvatornetz.de\/index.php?rest_route=\/wp\/v2\/pages"}],"about":[{"href":"https:\/\/agklima.salvatornetz.de\/index.php?rest_route=\/wp\/v2\/types\/page"}],"author":[{"embeddable":true,"href":"https:\/\/agklima.salvatornetz.de\/index.php?rest_route=\/wp\/v2\/users\/1"}],"replies":[{"embeddable":true,"href":"https:\/\/agklima.salvatornetz.de\/index.php?rest_route=%2Fwp%2Fv2%2Fcomments&post=274"}],"version-history":[{"count":4,"href":"https:\/\/agklima.salvatornetz.de\/index.php?rest_route=\/wp\/v2\/pages\/274\/revisions"}],"predecessor-version":[{"id":514,"href":"https:\/\/agklima.salvatornetz.de\/index.php?rest_route=\/wp\/v2\/pages\/274\/revisions\/514"}],"wp:attachment":[{"href":"https:\/\/agklima.salvatornetz.de\/index.php?rest_route=%2Fwp%2Fv2%2Fmedia&parent=274"}],"curies":[{"name":"wp","href":"https:\/\/api.w.org\/{rel}","templated":true}]}}