{"id":278,"date":"2010-11-13T16:23:00","date_gmt":"2010-11-13T15:23:00","guid":{"rendered":"https:\/\/agklima.salvatornetz.de\/?page_id=278"},"modified":"2025-02-28T20:46:32","modified_gmt":"2025-02-28T19:46:32","slug":"stromanwendung","status":"publish","type":"page","link":"https:\/\/agklima.salvatornetz.de\/?page_id=278","title":{"rendered":"Stromnutzung"},"content":{"rendered":"\n<p>Der el. Strom wurde in der Vergangenheit f\u00fcr Kirche, Pfarrhaus, Gemeindezentrum und Kita nur gemeinsam erfasst. Eine Trennung w\u00e4re w\u00fcnschenswert (notwendig). Je detaillierter erfasst wird, desto genauer k\u00f6nnen Verursacher ermittelt werden und ggf. Kosten zugeordnet und gespart werden, auch auf Dauer.<\/p>\n\n\n\n<p>In den vergangenen Jahren wurden folgende kWh ben\u00f6tigt:<\/p>\n\n\n<div class=\"wp-block-image\">\n<figure class=\"aligncenter size-full\"><img loading=\"lazy\" decoding=\"async\" width=\"556\" height=\"273\" src=\"https:\/\/agklima.salvatornetz.de\/wp-content\/uploads\/2025\/02\/stromverbrauch.gif\" alt=\"\" class=\"wp-image-281\" title=\"stromverbrauch\"\/><\/figure>\n<\/div>\n\n\n<p><a href=\"http:\/\/agks.files.wordpress.com\/2010\/11\/stromverbrauch.gif\">V<\/a>erbraucher sind:<br>\u00b7 Beleuchtung<br>\u00b7 Haushaltsger\u00e4te<br>\u00b7 Heizungskomponenten (Pumpen, Steuerung etc.)<\/p>\n\n\n\n<p>Klima sch\u00fctzen hei\u00dft vor allem CO2 vermeiden. Schalten wir sofort auf alternativen Strom um, so sind wir schlagartig CO2-frei. Allerdings ist alternativer Strom ca. 10% teurer.<\/p>\n\n\n\n<p>Eine Handreichung\/Merkblatt zum Einsatz der Beleuchtung erscheint nicht praktikabel. Regeln zum Benutzen der Haushaltsger\u00e4te k\u00f6nnten einen Spareffekt haben.<br>Fragen<br>\u00b7 Stromnutzung, was wird bisher getrennt erfasst?<br>\u00b7 Stromnutzung, was k\u00f6nnte noch getrennt erfasst werden?<br>\u00b7 Wodurch sank der Verbrauch von 2006 zu 2009 um knapp 45%?<br>\u00b7 Gibt es elektrische Warmwasserbereiter? Wo?<br>\u00b7 Welche Haushaltsger\u00e4te gibt es? Wie hoch ist ihre Anschlussleitung? Sind die Ger\u00e4te auf dem Stand der Technik?<br>\u00b7 Wo gibt es Gl\u00fchlampen, wo gibt es Energiesparleuchten? Ist die Dimensionierung angemessen?<br>\u00b7 Sind Lichtschalter klar gekennzeichnet? Sind sie eindeutig bedienbar?<br>\u00b7 Sind die Haushaltsger\u00e4te eindeutig bedienbar?<br>\u00b7 Umstieg auf alternativen Strom?<\/p>\n\n\n\n<hr class=\"wp-block-separator has-alpha-channel-opacity is-style-wide\"\/>\n\n\n\n<p class=\"has-text-align-center\">Zur\u00fcck zu Status &#8211; Zur\u00fcck zu Energetische Untersuchung &#8211; Weiter mit Stromerzeugung<\/p>\n","protected":false},"excerpt":{"rendered":"<p>Der el. Strom wurde in der Vergangenheit f\u00fcr Kirche, Pfarrhaus, Gemeindezentrum und Kita nur gemeinsam erfasst. Eine Trennung w\u00e4re w\u00fcnschenswert (notwendig). Je detaillierter erfasst wird, desto genauer k\u00f6nnen Verursacher ermittelt werden und ggf. Kosten zugeordnet und gespart werden, auch auf Dauer. In den vergangenen Jahren wurden folgende kWh ben\u00f6tigt: Verbraucher sind:\u00b7 Beleuchtung\u00b7 Haushaltsger\u00e4te\u00b7 Heizungskomponenten (Pumpen, [&hellip;]<\/p>\n","protected":false},"author":1,"featured_media":0,"parent":0,"menu_order":0,"comment_status":"open","ping_status":"closed","template":"","meta":{"footnotes":""},"class_list":["post-278","page","type-page","status-publish","hentry","entry"],"_links":{"self":[{"href":"https:\/\/agklima.salvatornetz.de\/index.php?rest_route=\/wp\/v2\/pages\/278","targetHints":{"allow":["GET"]}}],"collection":[{"href":"https:\/\/agklima.salvatornetz.de\/index.php?rest_route=\/wp\/v2\/pages"}],"about":[{"href":"https:\/\/agklima.salvatornetz.de\/index.php?rest_route=\/wp\/v2\/types\/page"}],"author":[{"embeddable":true,"href":"https:\/\/agklima.salvatornetz.de\/index.php?rest_route=\/wp\/v2\/users\/1"}],"replies":[{"embeddable":true,"href":"https:\/\/agklima.salvatornetz.de\/index.php?rest_route=%2Fwp%2Fv2%2Fcomments&post=278"}],"version-history":[{"count":6,"href":"https:\/\/agklima.salvatornetz.de\/index.php?rest_route=\/wp\/v2\/pages\/278\/revisions"}],"predecessor-version":[{"id":510,"href":"https:\/\/agklima.salvatornetz.de\/index.php?rest_route=\/wp\/v2\/pages\/278\/revisions\/510"}],"wp:attachment":[{"href":"https:\/\/agklima.salvatornetz.de\/index.php?rest_route=%2Fwp%2Fv2%2Fmedia&parent=278"}],"curies":[{"name":"wp","href":"https:\/\/api.w.org\/{rel}","templated":true}]}}