{"id":286,"date":"2010-11-13T16:38:00","date_gmt":"2010-11-13T15:38:00","guid":{"rendered":"https:\/\/agklima.salvatornetz.de\/?page_id=286"},"modified":"2025-02-28T20:55:37","modified_gmt":"2025-02-28T19:55:37","slug":"stromerzeugung","status":"publish","type":"page","link":"https:\/\/agklima.salvatornetz.de\/?page_id=286","title":{"rendered":"Stromerzeugung"},"content":{"rendered":"\n<p>Wir sehen uns bisher nur als Stromnutzer. Die aktuelle Technik, heute ist der 13.11.2010, gibt uns aber auch die M\u00f6glichkeit, unseren eigenen Strom selbst zu erzeugen.<\/p>\n\n\n\n<p>Folgende M\u00f6glichkeiten gibt\u2019s:<\/p>\n\n\n\n<ul class=\"wp-block-list\">\n<li>Photovoltaik \u2013 geht sicher, ist weit verbreitet, wird lukrativ gef\u00f6rdert &#8211; Unterseite<\/li>\n\n\n\n<li>Windkraft \u2013 ist theoretisch m\u00f6glich, nicht abwegig, allerdings in der Stadt wenig ergiebig<\/li>\n\n\n\n<li>Strom aus Biogas \u2013 es fehlt uns der Grundstoff, die Biomasse. Wird in diesem Bericht nicht betrachtet. W\u00e4re prima f\u00fcrs eigene Block-Heizkraftwerk<\/li>\n\n\n\n<li>Strom aus Kraft-W\u00e4rme-Kopplung. Da dabei vorrangig W\u00e4rme produziert wird, ist dies haupts\u00e4chlich ein Thema zur W\u00e4rmeerzeugung. S. u.<\/li>\n<\/ul>\n\n\n\n<hr class=\"wp-block-separator has-alpha-channel-opacity is-style-wide\"\/>\n\n\n\n<p class=\"has-text-align-center\"><a href=\"https:\/\/agklima.salvatornetz.de\/?page_id=269\">Zur\u00fcck zu Status<\/a> &#8211; Zur\u00fcck zu Stromnutzung &#8211; Weiter mit Heizenergie<\/p>\n","protected":false},"excerpt":{"rendered":"<p>Wir sehen uns bisher nur als Stromnutzer. Die aktuelle Technik, heute ist der 13.11.2010, gibt uns aber auch die M\u00f6glichkeit, unseren eigenen Strom selbst zu erzeugen. Folgende M\u00f6glichkeiten gibt\u2019s: Zur\u00fcck zu Status &#8211; Zur\u00fcck zu Stromnutzung &#8211; Weiter mit Heizenergie<\/p>\n","protected":false},"author":1,"featured_media":0,"parent":0,"menu_order":0,"comment_status":"open","ping_status":"closed","template":"","meta":{"footnotes":""},"class_list":["post-286","page","type-page","status-publish","hentry","entry"],"_links":{"self":[{"href":"https:\/\/agklima.salvatornetz.de\/index.php?rest_route=\/wp\/v2\/pages\/286","targetHints":{"allow":["GET"]}}],"collection":[{"href":"https:\/\/agklima.salvatornetz.de\/index.php?rest_route=\/wp\/v2\/pages"}],"about":[{"href":"https:\/\/agklima.salvatornetz.de\/index.php?rest_route=\/wp\/v2\/types\/page"}],"author":[{"embeddable":true,"href":"https:\/\/agklima.salvatornetz.de\/index.php?rest_route=\/wp\/v2\/users\/1"}],"replies":[{"embeddable":true,"href":"https:\/\/agklima.salvatornetz.de\/index.php?rest_route=%2Fwp%2Fv2%2Fcomments&post=286"}],"version-history":[{"count":3,"href":"https:\/\/agklima.salvatornetz.de\/index.php?rest_route=\/wp\/v2\/pages\/286\/revisions"}],"predecessor-version":[{"id":515,"href":"https:\/\/agklima.salvatornetz.de\/index.php?rest_route=\/wp\/v2\/pages\/286\/revisions\/515"}],"wp:attachment":[{"href":"https:\/\/agklima.salvatornetz.de\/index.php?rest_route=%2Fwp%2Fv2%2Fmedia&parent=286"}],"curies":[{"name":"wp","href":"https:\/\/api.w.org\/{rel}","templated":true}]}}