{"id":290,"date":"2010-11-13T16:44:00","date_gmt":"2010-11-13T15:44:00","guid":{"rendered":"https:\/\/agklima.salvatornetz.de\/?page_id=290"},"modified":"2025-02-28T21:01:40","modified_gmt":"2025-02-28T20:01:40","slug":"photovoltaik-pv","status":"publish","type":"page","link":"https:\/\/agklima.salvatornetz.de\/?page_id=290","title":{"rendered":"Photovoltaik (PV)"},"content":{"rendered":"\n<p>Strom wird durch einfallendes Licht erzeugt. Je mehr Licht, desto mehr Strom. Deshalb sind D\u00e4cher nach S\u00fcden besonders geeignet.<\/p>\n\n\n\n<p>Zwei gen S\u00fcden geneigte D\u00e4cher gibt es, auf der Kirche und auf dem Pfarrhaus.<\/p>\n\n\n\n<p>Es gibt unterschiedliche Technologien, die sich im Wirkungsgrad und auch im Preis unterscheiden.<\/p>\n\n\n\n<p>Der erzeugte Strom kann selbst genutzt oder an den Energieversorger verkauft werden. Daraus ergeben sich Einsparungen bzw. Ertr\u00e4ge.<\/p>\n\n\n\n<p>PV-Anlagen werden auch gewerblich betrieben. Das l\u00e4sst vermuten, dass damit Geld zu verdienen ist.<\/p>\n\n\n\n<p>PV-Anlagen werden mit unterschiedlichen Finanzierungsmodellen angeboten:<\/p>\n\n\n\n<ul class=\"wp-block-list\">\n<li>Mit eigenem oder selbst geborgtem Geld<\/li>\n\n\n\n<li>Durch Bankkredit finanziert<\/li>\n\n\n\n<li>Fl\u00e4che vermieten, Mieteinnahmen<\/li>\n<\/ul>\n\n\n\n<p>Es liegen drei Angebote f\u00fcr diese drei Finanzierungsarten vor, sind aber vermutlich \u00fcberholt, da sich die Gesetzeslage ge\u00e4ndert hat. Au\u00dferdem waren diese Angebote durch ihre Aufmachung so ausgelegt, dass sie nicht ber\u00fccksichtigt werden m\u00f6chten.<\/p>\n\n\n\n<p>Strom aus einer PV-Anlage ist nat\u00fcrlich CO2-frei. Es gibt aber nur Strom, wenn die Sonne scheint. Die durchschnittliche Sonnenscheindauer wird vom Deutschen Wetterdienst erfasst und in seri\u00f6sen Angeboten zur Grundlage der Wirtschaftlichkeitsberechnung verwendet.<\/p>\n\n\n\n<h5 class=\"wp-block-heading\"><strong>Fragen<\/strong><\/h5>\n\n\n\n<ul class=\"wp-block-list\">\n<li>Welche D\u00e4cher kommen infrage?<\/li>\n\n\n\n<li>Aktuelle Angebote?<\/li>\n<\/ul>\n\n\n\n<hr class=\"wp-block-separator has-alpha-channel-opacity is-style-wide\"\/>\n\n\n\n<p class=\"has-text-align-center\"><a href=\"https:\/\/agklima.salvatornetz.de\/?page_id=269\">Zur\u00fcck zu Status<\/a> &#8211; Zur\u00fcck zu Stromerzeugung &#8211; Weiter mit Windkraft<\/p>\n","protected":false},"excerpt":{"rendered":"<p>Strom wird durch einfallendes Licht erzeugt. Je mehr Licht, desto mehr Strom. Deshalb sind D\u00e4cher nach S\u00fcden besonders geeignet. Zwei gen S\u00fcden geneigte D\u00e4cher gibt es, auf der Kirche und auf dem Pfarrhaus. Es gibt unterschiedliche Technologien, die sich im Wirkungsgrad und auch im Preis unterscheiden. Der erzeugte Strom kann selbst genutzt oder an den [&hellip;]<\/p>\n","protected":false},"author":1,"featured_media":0,"parent":0,"menu_order":0,"comment_status":"open","ping_status":"closed","template":"","meta":{"footnotes":""},"class_list":["post-290","page","type-page","status-publish","hentry","entry"],"_links":{"self":[{"href":"https:\/\/agklima.salvatornetz.de\/index.php?rest_route=\/wp\/v2\/pages\/290","targetHints":{"allow":["GET"]}}],"collection":[{"href":"https:\/\/agklima.salvatornetz.de\/index.php?rest_route=\/wp\/v2\/pages"}],"about":[{"href":"https:\/\/agklima.salvatornetz.de\/index.php?rest_route=\/wp\/v2\/types\/page"}],"author":[{"embeddable":true,"href":"https:\/\/agklima.salvatornetz.de\/index.php?rest_route=\/wp\/v2\/users\/1"}],"replies":[{"embeddable":true,"href":"https:\/\/agklima.salvatornetz.de\/index.php?rest_route=%2Fwp%2Fv2%2Fcomments&post=290"}],"version-history":[{"count":3,"href":"https:\/\/agklima.salvatornetz.de\/index.php?rest_route=\/wp\/v2\/pages\/290\/revisions"}],"predecessor-version":[{"id":517,"href":"https:\/\/agklima.salvatornetz.de\/index.php?rest_route=\/wp\/v2\/pages\/290\/revisions\/517"}],"wp:attachment":[{"href":"https:\/\/agklima.salvatornetz.de\/index.php?rest_route=%2Fwp%2Fv2%2Fmedia&parent=290"}],"curies":[{"name":"wp","href":"https:\/\/api.w.org\/{rel}","templated":true}]}}