{"id":294,"date":"2010-11-13T16:47:00","date_gmt":"2010-11-13T15:47:00","guid":{"rendered":"https:\/\/agklima.salvatornetz.de\/?page_id=294"},"modified":"2025-02-24T10:07:45","modified_gmt":"2025-02-24T09:07:45","slug":"windkraft","status":"publish","type":"page","link":"https:\/\/agklima.salvatornetz.de\/?page_id=294","title":{"rendered":"Windkraft"},"content":{"rendered":"\n<p>Kleinwindkraftanlagen gibt es bereits auf dem Markt, sind aber nicht verbreitet. D. h. wir w\u00fcrden Pionierarbeit betreiben \u2013 m\u00fchsam, aber nicht uninteressant.<\/p>\n\n\n\n<p>Strom aus Windkraft gibt es, wenn der Wind weht. Auch hierf\u00fcr werden zu kalkulatorischen Zwecken Durchschnittswerte ermittelt.<\/p>\n\n\n\n<p>Sonne und Wind k\u00f6nnen sich erg\u00e4nzen.<\/p>\n\n\n\n<h5 class=\"wp-block-heading\">Fragen<\/h5>\n\n\n\n<ul class=\"wp-block-list\">\n<li>Thema vertagen\/verwerfen?<\/li>\n\n\n\n<li>Welche Technik?<\/li>\n\n\n\n<li>Welche Standorte?<\/li>\n\n\n\n<li>Wer setzt sich damit auseinander?<\/li>\n<\/ul>\n","protected":false},"excerpt":{"rendered":"<p>Kleinwindkraftanlagen gibt es bereits auf dem Markt, sind aber nicht verbreitet. D. h. wir w\u00fcrden Pionierarbeit betreiben \u2013 m\u00fchsam, aber nicht uninteressant. Strom aus Windkraft gibt es, wenn der Wind weht. Auch hierf\u00fcr werden zu kalkulatorischen Zwecken Durchschnittswerte ermittelt. Sonne und Wind k\u00f6nnen sich erg\u00e4nzen. Fragen<\/p>\n","protected":false},"author":1,"featured_media":0,"parent":0,"menu_order":0,"comment_status":"open","ping_status":"closed","template":"","meta":{"footnotes":""},"class_list":["post-294","page","type-page","status-publish","hentry","entry"],"_links":{"self":[{"href":"https:\/\/agklima.salvatornetz.de\/index.php?rest_route=\/wp\/v2\/pages\/294","targetHints":{"allow":["GET"]}}],"collection":[{"href":"https:\/\/agklima.salvatornetz.de\/index.php?rest_route=\/wp\/v2\/pages"}],"about":[{"href":"https:\/\/agklima.salvatornetz.de\/index.php?rest_route=\/wp\/v2\/types\/page"}],"author":[{"embeddable":true,"href":"https:\/\/agklima.salvatornetz.de\/index.php?rest_route=\/wp\/v2\/users\/1"}],"replies":[{"embeddable":true,"href":"https:\/\/agklima.salvatornetz.de\/index.php?rest_route=%2Fwp%2Fv2%2Fcomments&post=294"}],"version-history":[{"count":1,"href":"https:\/\/agklima.salvatornetz.de\/index.php?rest_route=\/wp\/v2\/pages\/294\/revisions"}],"predecessor-version":[{"id":296,"href":"https:\/\/agklima.salvatornetz.de\/index.php?rest_route=\/wp\/v2\/pages\/294\/revisions\/296"}],"wp:attachment":[{"href":"https:\/\/agklima.salvatornetz.de\/index.php?rest_route=%2Fwp%2Fv2%2Fmedia&parent=294"}],"curies":[{"name":"wp","href":"https:\/\/api.w.org\/{rel}","templated":true}]}}