{"id":299,"date":"2010-11-13T16:57:00","date_gmt":"2010-11-13T15:57:00","guid":{"rendered":"https:\/\/agklima.salvatornetz.de\/?page_id=299"},"modified":"2025-02-24T10:07:06","modified_gmt":"2025-02-24T09:07:06","slug":"heizenergie","status":"publish","type":"page","link":"https:\/\/agklima.salvatornetz.de\/?page_id=299","title":{"rendered":"Heizenergie"},"content":{"rendered":"\n<p>Der Heizenergieverbrauch wurde, wie der Stromverbrauch, in der Vergangenheit f\u00fcr Kirche, Pfarrhaus, Gemeindezentrum und Kita nur gemeinsam erfasst. Eine getrennte Erfassung w\u00e4re w\u00fcnschenswert. Je detaillierter getrennt, d. h. erfasst wird, desto genauer k\u00f6nnen Verursacher ermittelt werden und Kosten zugeordnet und gespart werden, auch auf Dauer.<\/p>\n\n\n<div class=\"wp-block-image\">\n<figure class=\"aligncenter size-full\"><img loading=\"lazy\" decoding=\"async\" width=\"562\" height=\"273\" src=\"https:\/\/agklima.salvatornetz.de\/wp-content\/uploads\/2025\/02\/heizoleinkauf.gif\" alt=\"\" class=\"wp-image-300\" title=\"heiz\u00f6leinkauf\"\/><\/figure>\n<\/div>\n\n\n<p>In den vergangenen Jahren wurden folgende Heizenergiemengen genutzt:Heizenergie-\/Heiz\u00f6lverbraucher sind:<\/p>\n\n\n\n<ul class=\"wp-block-list\">\n<li>Kirche<\/li>\n\n\n\n<li>Pfarrhaus mit Wohnungen<\/li>\n\n\n\n<li>Gemeindezentrum mit Wohnungen und Kita<\/li>\n\n\n\n<li>Warmwasserbereitung<\/li>\n<\/ul>\n\n\n\n<p>Folgende Themen sind in Bezug auf Heizenergie wichtig:<\/p>\n\n\n\n<ul class=\"wp-block-list\">\n<li>Energie sparen<br>Geb\u00e4ude und R\u00e4ume sinnvoll heizen<br>Geb\u00e4ude w\u00e4rmed\u00e4mmen<\/li>\n\n\n\n<li>Alternative W\u00e4rmeerzeugung<br>Brennwerttechnik<br>Gas\/Biogas<br>Holzpellets<br>Kraft-W\u00e4rme-Kopplung<br>W\u00e4rmepumpe<\/li>\n<\/ul>\n\n\n\n<p><strong>Fragen<\/strong><br>\u00b7 Heizenergie, was k\u00f6nnte noch getrennt werden?<\/p>\n","protected":false},"excerpt":{"rendered":"<p>Der Heizenergieverbrauch wurde, wie der Stromverbrauch, in der Vergangenheit f\u00fcr Kirche, Pfarrhaus, Gemeindezentrum und Kita nur gemeinsam erfasst. Eine getrennte Erfassung w\u00e4re w\u00fcnschenswert. Je detaillierter getrennt, d. h. erfasst wird, desto genauer k\u00f6nnen Verursacher ermittelt werden und Kosten zugeordnet und gespart werden, auch auf Dauer. In den vergangenen Jahren wurden folgende Heizenergiemengen genutzt:Heizenergie-\/Heiz\u00f6lverbraucher sind: Folgende [&hellip;]<\/p>\n","protected":false},"author":1,"featured_media":0,"parent":0,"menu_order":0,"comment_status":"open","ping_status":"closed","template":"","meta":{"footnotes":""},"class_list":["post-299","page","type-page","status-publish","hentry","entry"],"_links":{"self":[{"href":"https:\/\/agklima.salvatornetz.de\/index.php?rest_route=\/wp\/v2\/pages\/299","targetHints":{"allow":["GET"]}}],"collection":[{"href":"https:\/\/agklima.salvatornetz.de\/index.php?rest_route=\/wp\/v2\/pages"}],"about":[{"href":"https:\/\/agklima.salvatornetz.de\/index.php?rest_route=\/wp\/v2\/types\/page"}],"author":[{"embeddable":true,"href":"https:\/\/agklima.salvatornetz.de\/index.php?rest_route=\/wp\/v2\/users\/1"}],"replies":[{"embeddable":true,"href":"https:\/\/agklima.salvatornetz.de\/index.php?rest_route=%2Fwp%2Fv2%2Fcomments&post=299"}],"version-history":[{"count":2,"href":"https:\/\/agklima.salvatornetz.de\/index.php?rest_route=\/wp\/v2\/pages\/299\/revisions"}],"predecessor-version":[{"id":304,"href":"https:\/\/agklima.salvatornetz.de\/index.php?rest_route=\/wp\/v2\/pages\/299\/revisions\/304"}],"wp:attachment":[{"href":"https:\/\/agklima.salvatornetz.de\/index.php?rest_route=%2Fwp%2Fv2%2Fmedia&parent=299"}],"curies":[{"name":"wp","href":"https:\/\/api.w.org\/{rel}","templated":true}]}}