{"id":318,"date":"2010-11-13T21:44:00","date_gmt":"2010-11-13T20:44:00","guid":{"rendered":"https:\/\/agklima.salvatornetz.de\/?page_id=318"},"modified":"2025-02-22T22:39:10","modified_gmt":"2025-02-22T21:39:10","slug":"oel-oder-gas","status":"publish","type":"page","link":"https:\/\/agklima.salvatornetz.de\/?page_id=318","title":{"rendered":"\u00d6l oder Gas"},"content":{"rendered":"\n<p>Es stellt sich dann die Frage weiter mit \u00d6l oder auf Gas umsteigen.<\/p>\n\n\n\n<p>Die Abgasverluste sind bei \u00d6l Systembedingt h\u00f6her als bei Gas.<\/p>\n\n\n\n<p>Der \u00d6lpreis pro kWh war in der Vergangenheit geringer als der Gaspreis.<\/p>\n\n\n\n<p>In Biogas oder Bio\u00f6l sind normales Gas bzw. \u00d6l mit z. B. 10% Beimengungen von Biogas bzw. Bio\u00f6l. Biogas ist vermutlich preiswerter als Bio\u00f6l. Biogas wird vermutlich auch besser verf\u00fcgbar sein.<\/p>\n\n\n\n<p>Welche Verbrennung ist sauberer?<\/p>\n\n\n\n<h5 class=\"wp-block-heading\">Fragen<\/h5>\n\n\n\n<ul class=\"wp-block-list\">\n<li>\u00d6l oder Gas?<\/li>\n\n\n\n<li>Bio oder nicht?<\/li>\n\n\n\n<li>Welche Verbrennung ist sauberer? (Bio-)\u00d6l oder (Bio-)Gas?<\/li>\n<\/ul>\n","protected":false},"excerpt":{"rendered":"<p>Es stellt sich dann die Frage weiter mit \u00d6l oder auf Gas umsteigen. Die Abgasverluste sind bei \u00d6l Systembedingt h\u00f6her als bei Gas. Der \u00d6lpreis pro kWh war in der Vergangenheit geringer als der Gaspreis. In Biogas oder Bio\u00f6l sind normales Gas bzw. \u00d6l mit z. B. 10% Beimengungen von Biogas bzw. Bio\u00f6l. Biogas ist [&hellip;]<\/p>\n","protected":false},"author":1,"featured_media":0,"parent":0,"menu_order":0,"comment_status":"open","ping_status":"closed","template":"","meta":{"footnotes":""},"class_list":["post-318","page","type-page","status-publish","hentry","entry"],"_links":{"self":[{"href":"https:\/\/agklima.salvatornetz.de\/index.php?rest_route=\/wp\/v2\/pages\/318","targetHints":{"allow":["GET"]}}],"collection":[{"href":"https:\/\/agklima.salvatornetz.de\/index.php?rest_route=\/wp\/v2\/pages"}],"about":[{"href":"https:\/\/agklima.salvatornetz.de\/index.php?rest_route=\/wp\/v2\/types\/page"}],"author":[{"embeddable":true,"href":"https:\/\/agklima.salvatornetz.de\/index.php?rest_route=\/wp\/v2\/users\/1"}],"replies":[{"embeddable":true,"href":"https:\/\/agklima.salvatornetz.de\/index.php?rest_route=%2Fwp%2Fv2%2Fcomments&post=318"}],"version-history":[{"count":1,"href":"https:\/\/agklima.salvatornetz.de\/index.php?rest_route=\/wp\/v2\/pages\/318\/revisions"}],"predecessor-version":[{"id":320,"href":"https:\/\/agklima.salvatornetz.de\/index.php?rest_route=\/wp\/v2\/pages\/318\/revisions\/320"}],"wp:attachment":[{"href":"https:\/\/agklima.salvatornetz.de\/index.php?rest_route=%2Fwp%2Fv2%2Fmedia&parent=318"}],"curies":[{"name":"wp","href":"https:\/\/api.w.org\/{rel}","templated":true}]}}