{"id":321,"date":"2010-11-13T22:41:00","date_gmt":"2010-11-13T21:41:00","guid":{"rendered":"https:\/\/agklima.salvatornetz.de\/?page_id=321"},"modified":"2025-02-22T22:44:09","modified_gmt":"2025-02-22T21:44:09","slug":"vorlauftemperatur","status":"publish","type":"page","link":"https:\/\/agklima.salvatornetz.de\/?page_id=321","title":{"rendered":"Vorlauftemperatur"},"content":{"rendered":"\n<p>Grunds\u00e4tzlich sollte, um Verluste gering zu halten, die Vorlauftemperatur der Heizung so gering wie m\u00f6glich sein. D. h. eine Niedertemperaturheizung w\u00e4re die beste L\u00f6sung. Dies ist mit den vorhandenen Heizk\u00f6rpern aber nicht m\u00f6glich.<\/p>\n\n\n\n<p>Trotzdem w\u00fcrden einige Grad weniger Vorlauftemperatur bei der F\u00fclle an Heizk\u00f6rpern eine merkliche Einsparung bringen. Eine geringere Vorlauftemperatur bedeutet auch eine geringere Thermik in den R\u00e4umen, d. h. geringere Luftbewegung mit entsprechend geringerer Verschmutzung. Dies ist besonders wichtig in der Kirche.<\/p>\n\n\n\n<p>Die Fu\u00dfbodenheizung in der Kirche ist optimal geeignet f\u00fcr eine Niedertemperaturheizung. Deshalb sollte die Kirchenheizung getrennt betrachtet werden.<\/p>\n\n\n\n<p><\/p>\n","protected":false},"excerpt":{"rendered":"<p>Grunds\u00e4tzlich sollte, um Verluste gering zu halten, die Vorlauftemperatur der Heizung so gering wie m\u00f6glich sein. D. h. eine Niedertemperaturheizung w\u00e4re die beste L\u00f6sung. Dies ist mit den vorhandenen Heizk\u00f6rpern aber nicht m\u00f6glich. Trotzdem w\u00fcrden einige Grad weniger Vorlauftemperatur bei der F\u00fclle an Heizk\u00f6rpern eine merkliche Einsparung bringen. Eine geringere Vorlauftemperatur bedeutet auch eine geringere [&hellip;]<\/p>\n","protected":false},"author":1,"featured_media":0,"parent":0,"menu_order":0,"comment_status":"open","ping_status":"closed","template":"","meta":{"footnotes":""},"class_list":["post-321","page","type-page","status-publish","hentry","entry"],"_links":{"self":[{"href":"https:\/\/agklima.salvatornetz.de\/index.php?rest_route=\/wp\/v2\/pages\/321","targetHints":{"allow":["GET"]}}],"collection":[{"href":"https:\/\/agklima.salvatornetz.de\/index.php?rest_route=\/wp\/v2\/pages"}],"about":[{"href":"https:\/\/agklima.salvatornetz.de\/index.php?rest_route=\/wp\/v2\/types\/page"}],"author":[{"embeddable":true,"href":"https:\/\/agklima.salvatornetz.de\/index.php?rest_route=\/wp\/v2\/users\/1"}],"replies":[{"embeddable":true,"href":"https:\/\/agklima.salvatornetz.de\/index.php?rest_route=%2Fwp%2Fv2%2Fcomments&post=321"}],"version-history":[{"count":1,"href":"https:\/\/agklima.salvatornetz.de\/index.php?rest_route=\/wp\/v2\/pages\/321\/revisions"}],"predecessor-version":[{"id":323,"href":"https:\/\/agklima.salvatornetz.de\/index.php?rest_route=\/wp\/v2\/pages\/321\/revisions\/323"}],"wp:attachment":[{"href":"https:\/\/agklima.salvatornetz.de\/index.php?rest_route=%2Fwp%2Fv2%2Fmedia&parent=321"}],"curies":[{"name":"wp","href":"https:\/\/api.w.org\/{rel}","templated":true}]}}