{"id":352,"date":"2010-06-24T12:21:00","date_gmt":"2010-06-24T10:21:00","guid":{"rendered":"https:\/\/agklima.salvatornetz.de\/?page_id=352"},"modified":"2025-02-27T17:09:32","modified_gmt":"2025-02-27T16:09:32","slug":"fragen","status":"publish","type":"page","link":"https:\/\/agklima.salvatornetz.de\/?page_id=352","title":{"rendered":"Fragen"},"content":{"rendered":"\n<p><a name=\"oben\">Vorl\u00e4ufig<\/a> stehen hier Fragen zum Webauftritt und Fragen an die Runde und an Leser mit 1), 2), 3) \u2026, Neueste unten, das spart das \u00c4ndern der Nummern.<\/p>\n\n\n\n<p><a href=\"#mail\">1) E-Mail mit Dokus<\/a><br><a href=\"#notiz\">2) Notizen<\/a><br><a href=\"#iphone\">3) Gibt es f\u00fcr das iPhone ein WordPress-app><\/a><br><a href=\"#fragen\">4) G-W. G. stellt 17 Fragen an die AG und die Gemeinde.<\/a> Alle verlagert nach <a href=\"https:\/\/agklima.salvatornetz.de\/?page_id=369\">Ein Jahr AG<\/a>.<\/p>\n\n\n\n<p>Antworten oder Bemerkungen unten im Kommentarfeld, zB. mit &#8222;Zu 1)&#8220;, &#8222;Zu a)&#8220; usw. eintragen oder als neue Frage so einsenden. Dies gilt f\u00fcr alle Leser. Aus den Kommentaren wird das dann nach hier oben \u00fcbernommen. Reihenfolge nach Eingang mit Neuem ganz unten.<\/p>\n\n\n\n<hr class=\"wp-block-separator has-alpha-channel-opacity is-style-wide\"\/>\n\n\n\n<p><a name=\"mail\"><\/a>1) E-Mail: Das Kommentieren reicht nicht, wenn ich hilfsweise noch Papiere, z. B ein Angebot liefern k\u00f6nnte. Frage: Welche Emailadresse steht zur Verf\u00fcgung?<\/p>\n\n\n\n<p>Das Format sei ein Word-Dokument oder eine pdf-Datei. Dann mit einer E-Mail an salvator@posteo.de mit dem Betreff AG-Klima\u2026usw. und dem Papier als Anhang senden. Wunschgem\u00e4\u00df kann daraus eine Rundmail an die AG und\/plus einem\/oder ein Blogbeitrag plus Anhang werden.<\/p>\n\n\n\n<hr class=\"wp-block-separator has-alpha-channel-opacity is-style-wide\"\/>\n\n\n\n<p><a href=\"#oben\">Nach oben<\/a><a name=\"notiz\"><\/a><\/p>\n\n\n\n<p>2. Notizen: Wo kann ein Idee abgelegt werden? Statt eine Idee mit der Zeit zu vergessen, w\u00e4re einen Notizzettel hier abzulegen schon mal eine Idee. Der grandiose Einfall geht so nicht verloren und dem Team oder den Lesern f\u00e4llt bestimmt etwas zur Veredelung ein. Andernfalls w\u00e4chst Gras dar\u00fcber und der Autor l\u00e4sst das irgendwann l\u00f6schen.<\/p>\n\n\n\n<p>Hierf\u00fcr gibt es ab sofort die Unterseite &#8222;<a href=\"https:\/\/agklima.salvatornetz.de\/?page_id=353\">Unfrisiertes<\/a>&#8220; mit dem \u00fcblichen Kommentarfeld.<\/p>\n\n\n\n<hr class=\"wp-block-separator has-alpha-channel-opacity is-style-wide\"\/>\n\n\n\n<p><a href=\"#oben\">Nach oben<\/a><a name=\"iphone\"><\/a><\/p>\n\n\n\n<ol start=\"3\" class=\"wp-block-list\">\n<li>Gibt es f\u00fcr das iPhone ein WordPress-app?<\/li>\n<\/ol>\n\n\n\n<p>Hier der Text von der itunes-Seite: \u201eIt\u2019s easy to manage your WordPress blog from your iPad, iPhone, or iPod touch. With WordPress for iPhone OS, you can moderate comments and create or edit posts and pages. All you need is a WordPress.com blog or a self-hosted blog running WordPress 2.9.2 or higher.\u201c<\/p>\n\n\n\n<hr class=\"wp-block-separator has-alpha-channel-opacity is-style-wide\"\/>\n\n\n\n<p><a href=\"#oben\">Nach oben<\/a><a name=\"fragen\"><\/a><\/p>\n\n\n\n<p>4. 17 Fragen zum Thema Sch\u00f6pfung bewahren \u2013 Klima sch\u00fctzen \u2013 Energie sparen von H-W. G. jetzt in <a href=\"https:\/\/agklima.salvatornetz.de\/?page_id=369\">Ein Jahr AG<\/a><\/p>\n\n\n\n<p><a href=\"#oben\">Nach oben<\/a><\/p>\n\n\n\n<hr class=\"wp-block-separator has-alpha-channel-opacity is-style-wide\"\/>\n\n\n\n<p><\/p>\n","protected":false},"excerpt":{"rendered":"<p>Vorl\u00e4ufig stehen hier Fragen zum Webauftritt und Fragen an die Runde und an Leser mit 1), 2), 3) \u2026, Neueste unten, das spart das \u00c4ndern der Nummern. 1) E-Mail mit Dokus2) Notizen3) Gibt es f\u00fcr das iPhone ein WordPress-app>4) G-W. G. stellt 17 Fragen an die AG und die Gemeinde. Alle verlagert nach Ein Jahr [&hellip;]<\/p>\n","protected":false},"author":1,"featured_media":0,"parent":0,"menu_order":0,"comment_status":"open","ping_status":"closed","template":"","meta":{"footnotes":""},"class_list":["post-352","page","type-page","status-publish","hentry","entry"],"_links":{"self":[{"href":"https:\/\/agklima.salvatornetz.de\/index.php?rest_route=\/wp\/v2\/pages\/352","targetHints":{"allow":["GET"]}}],"collection":[{"href":"https:\/\/agklima.salvatornetz.de\/index.php?rest_route=\/wp\/v2\/pages"}],"about":[{"href":"https:\/\/agklima.salvatornetz.de\/index.php?rest_route=\/wp\/v2\/types\/page"}],"author":[{"embeddable":true,"href":"https:\/\/agklima.salvatornetz.de\/index.php?rest_route=\/wp\/v2\/users\/1"}],"replies":[{"embeddable":true,"href":"https:\/\/agklima.salvatornetz.de\/index.php?rest_route=%2Fwp%2Fv2%2Fcomments&post=352"}],"version-history":[{"count":10,"href":"https:\/\/agklima.salvatornetz.de\/index.php?rest_route=\/wp\/v2\/pages\/352\/revisions"}],"predecessor-version":[{"id":381,"href":"https:\/\/agklima.salvatornetz.de\/index.php?rest_route=\/wp\/v2\/pages\/352\/revisions\/381"}],"wp:attachment":[{"href":"https:\/\/agklima.salvatornetz.de\/index.php?rest_route=%2Fwp%2Fv2%2Fmedia&parent=352"}],"curies":[{"name":"wp","href":"https:\/\/api.w.org\/{rel}","templated":true}]}}