{"id":369,"date":"2010-04-18T16:23:00","date_gmt":"2010-04-18T14:23:00","guid":{"rendered":"https:\/\/agklima.salvatornetz.de\/?page_id=369"},"modified":"2025-02-28T18:30:24","modified_gmt":"2025-02-28T17:30:24","slug":"ein-jahr-ag","status":"publish","type":"page","link":"https:\/\/agklima.salvatornetz.de\/?page_id=369","title":{"rendered":"Ein Jahr AG"},"content":{"rendered":"\n<p><strong>Zum Thema Sch\u00f6pfung bewahren \u2013 Klima sch\u00fctzen \u2013 Energie sparen<\/strong><br>Ein Versuch, sich dem Thema und damit der \u201einneren\u201c Aufgabenstellung der Arbeitsgruppe zu n\u00e4hern.<br>Von Gerd-Wolfgang G\u00f6tze.<br>(Sein Beitrag vom 21. April hierher zur Unterseite und 17 Unter-Unterseiten verwandelt und zum bequemen Kommentieren und Antwortensammeln auf 17 Seiten verteilt. Die einzelnen durchnummerierten Seiten k\u00f6nnen im Text angeklickt und dann kommentiert werden.)<\/p>\n\n\n\n<p>1. <a href=\"https:\/\/agklima.salvatornetz.de\/?page_id=383\">Was hat eigentlich<\/a> Sch\u00f6pfung bewahren, Klima sch\u00fctzen und Energie sparen mit unserer Gemeinde zu tun?<br>2. <a href=\"https:\/\/agklima.salvatornetz.de\/?page_id=387\">Nat\u00fcrlich, es sind aktuelle Themen,<\/a> sie sind sind modern. Klar, wir sollen Energie sparen. Das fordern viele: Wissenschaftler, Umweltsch\u00fctzer, Politiker. Wirklich wollen, tun dies, so glaube ich, nicht viele. Ich glaube, sie sehen es auch nicht ein. Wenn Energie sparen Geld sparen mit sofortiger Geldauszahlung bedeutet, dann w\u00fcrde es vermutlich klappen.<\/p>\n\n\n\n<p>3. <a href=\"https:\/\/agklima.salvatornetz.de\/?page_id=393\">Da der reduzierte Stromverbrauch<\/a> durch z. B. Energiesparlampen oder dem A++-K\u00fchlschrank sich erst nach \u2019nem Jahr bemerkbar macht, ist die Motivation nicht so gro\u00df. Zu Beginn steht immer erstmal die Investition, und die schreckt ab.<\/p>\n\n\n\n<p>4. <a href=\"https:\/\/agklima.salvatornetz.de\/?page_id=397\">Sind nicht auch viele \u00fcberfordert<\/a>, ein Thermostatventil zu verstehen? Fenster auf und zu, Heizventil auf und zu, das kann jeder, diese Funktionen sind verst\u00e4ndlich, aber das Verhalten eines Thermostatventils?<br>Wer wei\u00df, wie richtig gel\u00fcftet wird, und wer l\u00fcftet auch so?<\/p>\n\n\n\n<p>5. <a href=\"https:\/\/agklima.salvatornetz.de\/?page_id=403\">Das Thema \u201eKlima sch\u00fctzen\u201c<\/a> ist ebenfalls in \u201ealler\u201c Munde. Betrifft es uns auch? Wie kann ich, wie k\u00f6nnen wir schon das Klima sch\u00fctzen? Aber, Ist es nicht der Ursprung zum Thema Energie sparen?<\/p>\n\n\n\n<p>6. <a href=\"https:\/\/agklima.salvatornetz.de\/?page_id=406\">Es gibt Wortf\u00fchrer<\/a>, die den Klimawandel beschreiben und solche, die ihn in Abrede stellen. Nach meiner Meinung ist der Klimawandel mit seinen f\u00fcr die Menschheit negativen Folgen nicht wegzureden, obwohl ich die aktuelle Tendenz mit mehr Schnee im Winter und warme Sommer sehr mag. Beim Thema Klimawandel ist die \u201eMenschheit\u201c gespalten. Warum?<\/p>\n\n\n\n<p>7. <a href=\"https:\/\/agklima.salvatornetz.de\/?page_id=409\">Noch weniger greifbar ist das Thema<\/a> \u201eSch\u00f6pfung bewahren\u201c. Ja, wir sind nat\u00fcrlich alle daf\u00fcr. Dieses Thema ist religi\u00f6s belegt, hat es doch mit Glauben zu tun. Auf jeden Fall ist es ein Thema f\u00fcr eine christliche Gemeinde. Blo\u00df was bedeutet denn Sch\u00f6pfung bewahren. Tun wir das denn nicht? Was tun wir denn gegen die Sch\u00f6pfung?<\/p>\n\n\n\n<p>8. <a href=\"https:\/\/agklima.salvatornetz.de\/?page_id=413\">Was ist denn die Sch\u00f6pfung<\/a> \u00fcberhaupt? Alles. Das Universum. Wir und unsere Erde sind ein Teil davon. Wieder so ein Thema, das so weit weg und damit nicht richtig greifbar ist.<\/p>\n\n\n\n<p>9. <a href=\"https:\/\/agklima.salvatornetz.de\/?page_id=416\">Wie k\u00f6nnen wir uns nun diesem Themenbereich<\/a> n\u00e4hern? Nehmen wir uns, uns Menschen. Du und ich, unsere Freunde, Verwandten, Bekannten, -unsere Feinde-, alle Menschen sind ein Teil der Sch\u00f6pfung. Wir sollen sie bewahren.<\/p>\n\n\n\n<p>10. <a href=\"https:\/\/agklima.salvatornetz.de\/?page_id=419\">D\u00fcrfen wir (Menschen) dann Waffen<\/a> herstellen? Nein. Sie werden aus dem einzigen Grund hergestellt zu t\u00f6ten.<\/p>\n\n\n\n<p>11. <a href=\"https:\/\/agklima.salvatornetz.de\/?page_id=422\">Unsere Bodensch\u00e4tze<\/a> sind nicht unendlich verf\u00fcgbar, einige sind sehr selten, andere so gut wie aufgebraucht. D\u00fcrfen wir als ein Industriestaat so tun, als ob die Bodensch\u00e4tze uns allein geh\u00f6ren?<\/p>\n\n\n\n<p>12. <a href=\"https:\/\/agklima.salvatornetz.de\/?page_id=425\">D\u00fcrfen wir Kernkraftwerke betreiben<\/a>, von denen wir wissen, dass wir sie im Zweifelsfall nicht beherrschen? D\u00fcrfen wir sie betreiben, obwohl wir wissen, dass deren Abfall t\u00f6tet und l\u00e4nger existiert als es vermutlich Menschen gibt?<\/p>\n\n\n\n<p>13. <a href=\"https:\/\/agklima.salvatornetz.de\/?page_id=428\">D\u00fcrfen wir weiterhin vermehrt<\/a> auf Kohlekraft zur Energieerzeugung setzen, obwohl wir wissen, dass die Abgase mit gro\u00dfer Wahrscheinlichkeit klimasch\u00e4dlich sind? Auch wenn wir sie f\u00fcr Folgegenerationen aufheben und in der Erde verstecken, wird\u2019s nicht besser.<br>D\u00fcrfen wir so tun, als ob so gewonnener Strom unendlich verf\u00fcgbar ist?<\/p>\n\n\n\n<p>14. <a href=\"https:\/\/agklima.salvatornetz.de\/?page_id=431\">Wir sollten den ben\u00f6tigten Strom<\/a> so effektiv wie m\u00f6glich einsetzen, so wenig wie m\u00f6glich verbrauchen und ihn so weit es geht selbst umweltvertr\u00e4glich erzeugen. Der Restbedarf sollte ebenfalls umweltvertr\u00e4glich erzeugt worden sein.<\/p>\n\n\n\n<p>15. <a href=\"https:\/\/agklima.salvatornetz.de\/?page_id=434\">Auch f\u00fcr die zweite Energie<\/a>, die Heizenergie, gilt Entsprechendes: Die eingesetzte Energie so effektiv wie m\u00f6glich einsetzen und sie soweit wie m\u00f6glich selbst erzeugen. Die zus\u00e4tzlich ben\u00f6tigte Heizenergie sollte umweltvertr\u00e4glich erzeugt worden sein.<\/p>\n\n\n\n<p>16. <a href=\"https:\/\/agklima.salvatornetz.de\/?page_id=437\">Nun schallen aus allen Richtungen<\/a> die \u00fcblichen Einw\u00e4nde: \u201eDas kostet!\u201c, \u201eWir haben kein Geld\u201c \u201eDas geht nicht\u201c usw. Diese und \u00e4hnliche sind \u201eKillerargumente\u201c, mit denen man alles abw\u00fcrgen kann. (Danach w\u00fcrde vermutlich noch nicht einmal unsere Kirche stehen.) Das kann nicht gewollt sein. Nicht vom Di\u00f6zesanrat, nicht vom KV und auch nicht von uns selbst.<\/p>\n\n\n\n<p>17. <a href=\"https:\/\/agklima.salvatornetz.de\/?page_id=440\">An diesen Punkten<\/a> m\u00fcssen wir konkret ansetzen:<\/p>\n\n\n\n<ul class=\"wp-block-list\">\n<li>Wie k\u00f6nnen wir unseren Strom selbst erzeugen?<\/li>\n\n\n\n<li>Welche Energiequelle ist zum Heizen am besten geeignet?<\/li>\n\n\n\n<li>Wie kann effizienter geheizt werden?<\/li>\n\n\n\n<li>Wie und wo kann der Heizbedarf gesenkt werden?<\/li>\n\n\n\n<li>Wo und wie kann der Stromverbrauch gesenkt werden?<\/li>\n\n\n\n<li>Wo und wie kann Strom effizienter angewendet werden?<\/li>\n<\/ul>\n\n\n\n<p>Nat\u00fcrlich geh\u00f6ren Aufwand, Amortisation und Realisierbarkeit dazu. Die Energiewirtschaftliche Untersuchung wird unsere Ergebnisse mit Zahlenmaterial verst\u00e4rken.<\/p>\n\n\n\n<p><\/p>\n","protected":false},"excerpt":{"rendered":"<p>Zum Thema Sch\u00f6pfung bewahren \u2013 Klima sch\u00fctzen \u2013 Energie sparenEin Versuch, sich dem Thema und damit der \u201einneren\u201c Aufgabenstellung der Arbeitsgruppe zu n\u00e4hern.Von Gerd-Wolfgang G\u00f6tze.(Sein Beitrag vom 21. April hierher zur Unterseite und 17 Unter-Unterseiten verwandelt und zum bequemen Kommentieren und Antwortensammeln auf 17 Seiten verteilt. Die einzelnen durchnummerierten Seiten k\u00f6nnen im Text angeklickt und [&hellip;]<\/p>\n","protected":false},"author":1,"featured_media":0,"parent":0,"menu_order":0,"comment_status":"open","ping_status":"closed","template":"","meta":{"footnotes":""},"class_list":["post-369","page","type-page","status-publish","hentry","entry"],"_links":{"self":[{"href":"https:\/\/agklima.salvatornetz.de\/index.php?rest_route=\/wp\/v2\/pages\/369","targetHints":{"allow":["GET"]}}],"collection":[{"href":"https:\/\/agklima.salvatornetz.de\/index.php?rest_route=\/wp\/v2\/pages"}],"about":[{"href":"https:\/\/agklima.salvatornetz.de\/index.php?rest_route=\/wp\/v2\/types\/page"}],"author":[{"embeddable":true,"href":"https:\/\/agklima.salvatornetz.de\/index.php?rest_route=\/wp\/v2\/users\/1"}],"replies":[{"embeddable":true,"href":"https:\/\/agklima.salvatornetz.de\/index.php?rest_route=%2Fwp%2Fv2%2Fcomments&post=369"}],"version-history":[{"count":9,"href":"https:\/\/agklima.salvatornetz.de\/index.php?rest_route=\/wp\/v2\/pages\/369\/revisions"}],"predecessor-version":[{"id":495,"href":"https:\/\/agklima.salvatornetz.de\/index.php?rest_route=\/wp\/v2\/pages\/369\/revisions\/495"}],"wp:attachment":[{"href":"https:\/\/agklima.salvatornetz.de\/index.php?rest_route=%2Fwp%2Fv2%2Fmedia&parent=369"}],"curies":[{"name":"wp","href":"https:\/\/api.w.org\/{rel}","templated":true}]}}