{"id":397,"date":"2010-04-26T18:25:00","date_gmt":"2010-04-26T16:25:00","guid":{"rendered":"https:\/\/agklima.salvatornetz.de\/?page_id=397"},"modified":"2025-02-27T22:52:04","modified_gmt":"2025-02-27T21:52:04","slug":"sind-viele-ueberfordert","status":"publish","type":"page","link":"https:\/\/agklima.salvatornetz.de\/?page_id=397","title":{"rendered":"Sind viele\u00a0\u00fcberfordert?"},"content":{"rendered":"\n<p>Zur Frage 4 von 17<br>Sind nicht auch viele \u00fcberfordert, ein Thermostatventil zu verstehen? Fenster auf und zu, Heizventil auf und zu, das kann jeder, diese Funktionen sind verst\u00e4ndlich, aber das Verhalten eines Thermostatventils?<br>Wer wei\u00df, wie richtig gel\u00fcftet wird, und wer l\u00fcftet auch so?<\/p>\n\n\n\n<hr class=\"wp-block-separator has-alpha-channel-opacity is-style-wide\"\/>\n\n\n\n<p class=\"has-text-align-center\"><a href=\"https:\/\/agklima.salvatornetz.de\/?page_id=393\">Zur\u00fcck zur vorigen Frage<\/a> \u2013 <a href=\"https:\/\/agklima.salvatornetz.de\/?page_id=369\">Zur\u00fcck zur \u00dcbersicht<\/a> &#8211; <a href=\"https:\/\/agklima.salvatornetz.de\/?page_id=403\">Weiter zur n\u00e4chsten Frage<\/a><\/p>\n\n\n\n<p><\/p>\n","protected":false},"excerpt":{"rendered":"<p>Zur Frage 4 von 17Sind nicht auch viele \u00fcberfordert, ein Thermostatventil zu verstehen? Fenster auf und zu, Heizventil auf und zu, das kann jeder, diese Funktionen sind verst\u00e4ndlich, aber das Verhalten eines Thermostatventils?Wer wei\u00df, wie richtig gel\u00fcftet wird, und wer l\u00fcftet auch so? Zur\u00fcck zur vorigen Frage \u2013 Zur\u00fcck zur \u00dcbersicht &#8211; Weiter zur n\u00e4chsten [&hellip;]<\/p>\n","protected":false},"author":1,"featured_media":0,"parent":0,"menu_order":0,"comment_status":"open","ping_status":"closed","template":"","meta":{"footnotes":""},"class_list":["post-397","page","type-page","status-publish","hentry","entry"],"_links":{"self":[{"href":"https:\/\/agklima.salvatornetz.de\/index.php?rest_route=\/wp\/v2\/pages\/397","targetHints":{"allow":["GET"]}}],"collection":[{"href":"https:\/\/agklima.salvatornetz.de\/index.php?rest_route=\/wp\/v2\/pages"}],"about":[{"href":"https:\/\/agklima.salvatornetz.de\/index.php?rest_route=\/wp\/v2\/types\/page"}],"author":[{"embeddable":true,"href":"https:\/\/agklima.salvatornetz.de\/index.php?rest_route=\/wp\/v2\/users\/1"}],"replies":[{"embeddable":true,"href":"https:\/\/agklima.salvatornetz.de\/index.php?rest_route=%2Fwp%2Fv2%2Fcomments&post=397"}],"version-history":[{"count":4,"href":"https:\/\/agklima.salvatornetz.de\/index.php?rest_route=\/wp\/v2\/pages\/397\/revisions"}],"predecessor-version":[{"id":488,"href":"https:\/\/agklima.salvatornetz.de\/index.php?rest_route=\/wp\/v2\/pages\/397\/revisions\/488"}],"wp:attachment":[{"href":"https:\/\/agklima.salvatornetz.de\/index.php?rest_route=%2Fwp%2Fv2%2Fmedia&parent=397"}],"curies":[{"name":"wp","href":"https:\/\/api.w.org\/{rel}","templated":true}]}}