{"id":403,"date":"2010-04-26T18:33:00","date_gmt":"2010-04-26T16:33:00","guid":{"rendered":"https:\/\/agklima.salvatornetz.de\/?page_id=403"},"modified":"2025-02-27T22:51:02","modified_gmt":"2025-02-27T21:51:02","slug":"klima-schuetzen","status":"publish","type":"page","link":"https:\/\/agklima.salvatornetz.de\/?page_id=403","title":{"rendered":"Klima\u00a0sch\u00fctzen"},"content":{"rendered":"\n<p>Zur Frage 5 von 17<br>Das Thema \u201eKlima sch\u00fctzen\u201c ist ebenfalls in \u201ealler\u201c Munde. Betrifft es uns auch? Wie kann ich, wie k\u00f6nnen wir schon das Klima sch\u00fctzen? Aber, Ist es nicht der Ursprung zum Thema Energie sparen?<\/p>\n\n\n\n<hr class=\"wp-block-separator has-alpha-channel-opacity is-style-wide\"\/>\n\n\n\n<p class=\"has-text-align-center\"><a href=\"https:\/\/agklima.salvatornetz.de\/?page_id=397\">Zur\u00fcck zur vorigen Frage<\/a> \u2013 <a href=\"https:\/\/agklima.salvatornetz.de\/?page_id=369\">Zur\u00fcck zur \u00dcbersicht<\/a> &#8211; <a href=\"https:\/\/agklima.salvatornetz.de\/?page_id=406\">Weiter zur n\u00e4chsten Frage<\/a><\/p>\n\n\n\n<p><\/p>\n","protected":false},"excerpt":{"rendered":"<p>Zur Frage 5 von 17Das Thema \u201eKlima sch\u00fctzen\u201c ist ebenfalls in \u201ealler\u201c Munde. Betrifft es uns auch? Wie kann ich, wie k\u00f6nnen wir schon das Klima sch\u00fctzen? Aber, Ist es nicht der Ursprung zum Thema Energie sparen? Zur\u00fcck zur vorigen Frage \u2013 Zur\u00fcck zur \u00dcbersicht &#8211; Weiter zur n\u00e4chsten Frage<\/p>\n","protected":false},"author":1,"featured_media":0,"parent":0,"menu_order":0,"comment_status":"open","ping_status":"closed","template":"","meta":{"footnotes":""},"class_list":["post-403","page","type-page","status-publish","hentry","entry"],"_links":{"self":[{"href":"https:\/\/agklima.salvatornetz.de\/index.php?rest_route=\/wp\/v2\/pages\/403","targetHints":{"allow":["GET"]}}],"collection":[{"href":"https:\/\/agklima.salvatornetz.de\/index.php?rest_route=\/wp\/v2\/pages"}],"about":[{"href":"https:\/\/agklima.salvatornetz.de\/index.php?rest_route=\/wp\/v2\/types\/page"}],"author":[{"embeddable":true,"href":"https:\/\/agklima.salvatornetz.de\/index.php?rest_route=\/wp\/v2\/users\/1"}],"replies":[{"embeddable":true,"href":"https:\/\/agklima.salvatornetz.de\/index.php?rest_route=%2Fwp%2Fv2%2Fcomments&post=403"}],"version-history":[{"count":3,"href":"https:\/\/agklima.salvatornetz.de\/index.php?rest_route=\/wp\/v2\/pages\/403\/revisions"}],"predecessor-version":[{"id":487,"href":"https:\/\/agklima.salvatornetz.de\/index.php?rest_route=\/wp\/v2\/pages\/403\/revisions\/487"}],"wp:attachment":[{"href":"https:\/\/agklima.salvatornetz.de\/index.php?rest_route=%2Fwp%2Fv2%2Fmedia&parent=403"}],"curies":[{"name":"wp","href":"https:\/\/api.w.org\/{rel}","templated":true}]}}