{"id":409,"date":"2010-04-26T18:36:00","date_gmt":"2010-04-26T16:36:00","guid":{"rendered":"https:\/\/agklima.salvatornetz.de\/?page_id=409"},"modified":"2025-02-27T22:01:49","modified_gmt":"2025-02-27T21:01:49","slug":"schoepfung-bewahren","status":"publish","type":"page","link":"https:\/\/agklima.salvatornetz.de\/?page_id=409","title":{"rendered":"Sch\u00f6pfung\u00a0bewahren"},"content":{"rendered":"\n<p>Zur Frage 7 von 17<br>Noch weniger greifbar ist das Thema \u201eSch\u00f6pfung bewahren\u201c. Ja, wir sind nat\u00fcrlich alle daf\u00fcr. Dieses Thema ist religi\u00f6s belegt, hat es doch mit Glauben zu tun. Auf jeden Fall ist es ein Thema f\u00fcr eine christliche Gemeinde. Blo\u00df was bedeutet denn Sch\u00f6pfung bewahren. Tun wir das denn nicht? Was tun wir denn gegen die Sch\u00f6pfung? <\/p>\n\n\n\n<hr class=\"wp-block-separator has-alpha-channel-opacity is-style-wide\"\/>\n\n\n\n<p class=\"has-text-align-center\"><a href=\"https:\/\/agklima.salvatornetz.de\/?page_id=406\">Zur\u00fcck zur vorigen Frage<\/a> \u2013 <a href=\"https:\/\/agklima.salvatornetz.de\/?page_id=369\">Zur\u00fcck zur \u00dcbersicht<\/a> &#8211; <a href=\"https:\/\/agklima.salvatornetz.de\/?page_id=413\">Weiter zur n\u00e4chsten Frage<\/a><\/p>\n\n\n\n<p><\/p>\n","protected":false},"excerpt":{"rendered":"<p>Zur Frage 7 von 17Noch weniger greifbar ist das Thema \u201eSch\u00f6pfung bewahren\u201c. Ja, wir sind nat\u00fcrlich alle daf\u00fcr. Dieses Thema ist religi\u00f6s belegt, hat es doch mit Glauben zu tun. Auf jeden Fall ist es ein Thema f\u00fcr eine christliche Gemeinde. Blo\u00df was bedeutet denn Sch\u00f6pfung bewahren. Tun wir das denn nicht? Was tun wir [&hellip;]<\/p>\n","protected":false},"author":1,"featured_media":0,"parent":0,"menu_order":0,"comment_status":"open","ping_status":"closed","template":"","meta":{"footnotes":""},"class_list":["post-409","page","type-page","status-publish","hentry","entry"],"_links":{"self":[{"href":"https:\/\/agklima.salvatornetz.de\/index.php?rest_route=\/wp\/v2\/pages\/409","targetHints":{"allow":["GET"]}}],"collection":[{"href":"https:\/\/agklima.salvatornetz.de\/index.php?rest_route=\/wp\/v2\/pages"}],"about":[{"href":"https:\/\/agklima.salvatornetz.de\/index.php?rest_route=\/wp\/v2\/types\/page"}],"author":[{"embeddable":true,"href":"https:\/\/agklima.salvatornetz.de\/index.php?rest_route=\/wp\/v2\/users\/1"}],"replies":[{"embeddable":true,"href":"https:\/\/agklima.salvatornetz.de\/index.php?rest_route=%2Fwp%2Fv2%2Fcomments&post=409"}],"version-history":[{"count":4,"href":"https:\/\/agklima.salvatornetz.de\/index.php?rest_route=\/wp\/v2\/pages\/409\/revisions"}],"predecessor-version":[{"id":483,"href":"https:\/\/agklima.salvatornetz.de\/index.php?rest_route=\/wp\/v2\/pages\/409\/revisions\/483"}],"wp:attachment":[{"href":"https:\/\/agklima.salvatornetz.de\/index.php?rest_route=%2Fwp%2Fv2%2Fmedia&parent=409"}],"curies":[{"name":"wp","href":"https:\/\/api.w.org\/{rel}","templated":true}]}}