{"id":425,"date":"2010-04-26T20:34:00","date_gmt":"2010-04-26T18:34:00","guid":{"rendered":"https:\/\/agklima.salvatornetz.de\/?page_id=425"},"modified":"2025-02-27T21:48:31","modified_gmt":"2025-02-27T20:48:31","slug":"kernkraftwerke","status":"publish","type":"page","link":"https:\/\/agklima.salvatornetz.de\/?page_id=425","title":{"rendered":"Kernkraftwerke"},"content":{"rendered":"\n<p>Zur Frage 12 von 17<br>D\u00fcrfen wir Kernkraftwerke betreiben, von denen wir wissen, dass wir sie im Zweifelsfall nicht beherrschen? D\u00fcrfen wir sie betreiben, obwohl wir wissen, dass deren Abfall t\u00f6tet und l\u00e4nger existiert als es vermutlich Menschen gibt?<\/p>\n\n\n\n<hr class=\"wp-block-separator has-alpha-channel-opacity is-style-wide\"\/>\n\n\n\n<p class=\"has-text-align-center\"><a href=\"https:\/\/agklima.salvatornetz.de\/?page_id=422\">Zur\u00fcck zur vorigen Frage<\/a> \u2013 <a href=\"https:\/\/agklima.salvatornetz.de\/?page_id=369\">Zur\u00fcck zur \u00dcbersicht<\/a> &#8211; <a href=\"https:\/\/agklima.salvatornetz.de\/?page_id=428\">Weiter zur n\u00e4chsten Frage<\/a><\/p>\n\n\n\n<p><\/p>\n","protected":false},"excerpt":{"rendered":"<p>Zur Frage 12 von 17D\u00fcrfen wir Kernkraftwerke betreiben, von denen wir wissen, dass wir sie im Zweifelsfall nicht beherrschen? D\u00fcrfen wir sie betreiben, obwohl wir wissen, dass deren Abfall t\u00f6tet und l\u00e4nger existiert als es vermutlich Menschen gibt? Zur\u00fcck zur vorigen Frage \u2013 Zur\u00fcck zur \u00dcbersicht &#8211; Weiter zur n\u00e4chsten Frage<\/p>\n","protected":false},"author":1,"featured_media":0,"parent":0,"menu_order":0,"comment_status":"open","ping_status":"closed","template":"","meta":{"footnotes":""},"class_list":["post-425","page","type-page","status-publish","hentry","entry"],"_links":{"self":[{"href":"https:\/\/agklima.salvatornetz.de\/index.php?rest_route=\/wp\/v2\/pages\/425","targetHints":{"allow":["GET"]}}],"collection":[{"href":"https:\/\/agklima.salvatornetz.de\/index.php?rest_route=\/wp\/v2\/pages"}],"about":[{"href":"https:\/\/agklima.salvatornetz.de\/index.php?rest_route=\/wp\/v2\/types\/page"}],"author":[{"embeddable":true,"href":"https:\/\/agklima.salvatornetz.de\/index.php?rest_route=\/wp\/v2\/users\/1"}],"replies":[{"embeddable":true,"href":"https:\/\/agklima.salvatornetz.de\/index.php?rest_route=%2Fwp%2Fv2%2Fcomments&post=425"}],"version-history":[{"count":3,"href":"https:\/\/agklima.salvatornetz.de\/index.php?rest_route=\/wp\/v2\/pages\/425\/revisions"}],"predecessor-version":[{"id":469,"href":"https:\/\/agklima.salvatornetz.de\/index.php?rest_route=\/wp\/v2\/pages\/425\/revisions\/469"}],"wp:attachment":[{"href":"https:\/\/agklima.salvatornetz.de\/index.php?rest_route=%2Fwp%2Fv2%2Fmedia&parent=425"}],"curies":[{"name":"wp","href":"https:\/\/api.w.org\/{rel}","templated":true}]}}