{"id":428,"date":"2010-04-26T20:34:00","date_gmt":"2010-04-26T18:34:00","guid":{"rendered":"https:\/\/agklima.salvatornetz.de\/?page_id=428"},"modified":"2025-02-27T21:46:37","modified_gmt":"2025-02-27T20:46:37","slug":"kohlekraft","status":"publish","type":"page","link":"https:\/\/agklima.salvatornetz.de\/?page_id=428","title":{"rendered":"Kohlekraft"},"content":{"rendered":"\n<p>Zur Frage 13 von 17<br>D\u00fcrfen wir weiterhin vermehrt auf Kohlekraft zur Energieerzeugung setzen, obwohl wir wissen, dass die Abgase mit gro\u00dfer Wahrscheinlichkeit klimasch\u00e4dlich sind? Auch wenn wir sie f\u00fcr Folgegenerationen aufheben und in der Erde verstecken, wird\u2019s nicht besser.<br>D\u00fcrfen wir so tun, als ob so gewonnener Strom unendlich verf\u00fcgbar ist?<\/p>\n\n\n\n<hr class=\"wp-block-separator has-alpha-channel-opacity is-style-wide\"\/>\n\n\n\n<p class=\"has-text-align-center\"><a href=\"https:\/\/agklima.salvatornetz.de\/?page_id=425\">Zur\u00fcck zur vorigen Frage<\/a> \u2013 <a href=\"https:\/\/agklima.salvatornetz.de\/?page_id=369\">Zur\u00fcck zur \u00dcbersicht<\/a> &#8211; <a href=\"https:\/\/agklima.salvatornetz.de\/?page_id=431\">Weiter zur n\u00e4chsten Frage<\/a><\/p>\n\n\n\n<p><\/p>\n","protected":false},"excerpt":{"rendered":"<p>Zur Frage 13 von 17D\u00fcrfen wir weiterhin vermehrt auf Kohlekraft zur Energieerzeugung setzen, obwohl wir wissen, dass die Abgase mit gro\u00dfer Wahrscheinlichkeit klimasch\u00e4dlich sind? Auch wenn wir sie f\u00fcr Folgegenerationen aufheben und in der Erde verstecken, wird\u2019s nicht besser.D\u00fcrfen wir so tun, als ob so gewonnener Strom unendlich verf\u00fcgbar ist? Zur\u00fcck zur vorigen Frage \u2013 [&hellip;]<\/p>\n","protected":false},"author":1,"featured_media":0,"parent":0,"menu_order":0,"comment_status":"open","ping_status":"closed","template":"","meta":{"footnotes":""},"class_list":["post-428","page","type-page","status-publish","hentry","entry"],"_links":{"self":[{"href":"https:\/\/agklima.salvatornetz.de\/index.php?rest_route=\/wp\/v2\/pages\/428","targetHints":{"allow":["GET"]}}],"collection":[{"href":"https:\/\/agklima.salvatornetz.de\/index.php?rest_route=\/wp\/v2\/pages"}],"about":[{"href":"https:\/\/agklima.salvatornetz.de\/index.php?rest_route=\/wp\/v2\/types\/page"}],"author":[{"embeddable":true,"href":"https:\/\/agklima.salvatornetz.de\/index.php?rest_route=\/wp\/v2\/users\/1"}],"replies":[{"embeddable":true,"href":"https:\/\/agklima.salvatornetz.de\/index.php?rest_route=%2Fwp%2Fv2%2Fcomments&post=428"}],"version-history":[{"count":3,"href":"https:\/\/agklima.salvatornetz.de\/index.php?rest_route=\/wp\/v2\/pages\/428\/revisions"}],"predecessor-version":[{"id":467,"href":"https:\/\/agklima.salvatornetz.de\/index.php?rest_route=\/wp\/v2\/pages\/428\/revisions\/467"}],"wp:attachment":[{"href":"https:\/\/agklima.salvatornetz.de\/index.php?rest_route=%2Fwp%2Fv2%2Fmedia&parent=428"}],"curies":[{"name":"wp","href":"https:\/\/api.w.org\/{rel}","templated":true}]}}