{"id":434,"date":"2025-02-27T20:42:55","date_gmt":"2025-02-27T19:42:55","guid":{"rendered":"https:\/\/agklima.salvatornetz.de\/?page_id=434"},"modified":"2025-02-28T18:31:17","modified_gmt":"2025-02-28T17:31:17","slug":"heizenergie-2","status":"publish","type":"page","link":"https:\/\/agklima.salvatornetz.de\/?page_id=434","title":{"rendered":"Heizenergie"},"content":{"rendered":"\n<p>Zur Frage 15 von 17<br>Auch f\u00fcr die zweite Energie, die Heizenergie, gilt Entsprechendes: Die eingesetzte Energie so effektiv wie m\u00f6glich einsetzen und sie soweit wie m\u00f6glich selbst erzeugen. Die zus\u00e4tzlich ben\u00f6tigte Heizenergie sollte umweltvertr\u00e4glich erzeugt worden sein.<\/p>\n\n\n\n<hr class=\"wp-block-separator has-alpha-channel-opacity is-style-wide\"\/>\n\n\n\n<p class=\"has-text-align-center\"><a href=\"https:\/\/agklima.salvatornetz.de\/?page_id=431\">Zur\u00fcck zur vorigen Frage<\/a> &#8211; <a href=\"https:\/\/agklima.salvatornetz.de\/?page_id=369\">Zur\u00fcck zur \u00dcbersicht<\/a> &#8211; <a href=\"https:\/\/agklima.salvatornetz.de\/?page_id=437\">Weiter zur n\u00e4chsten Frage<\/a><\/p>\n\n\n\n<p><\/p>\n","protected":false},"excerpt":{"rendered":"<p>Zur Frage 15 von 17Auch f\u00fcr die zweite Energie, die Heizenergie, gilt Entsprechendes: Die eingesetzte Energie so effektiv wie m\u00f6glich einsetzen und sie soweit wie m\u00f6glich selbst erzeugen. Die zus\u00e4tzlich ben\u00f6tigte Heizenergie sollte umweltvertr\u00e4glich erzeugt worden sein. Zur\u00fcck zur vorigen Frage &#8211; Zur\u00fcck zur \u00dcbersicht &#8211; Weiter zur n\u00e4chsten Frage<\/p>\n","protected":false},"author":1,"featured_media":0,"parent":0,"menu_order":0,"comment_status":"open","ping_status":"closed","template":"","meta":{"footnotes":""},"class_list":["post-434","page","type-page","status-publish","hentry","entry"],"_links":{"self":[{"href":"https:\/\/agklima.salvatornetz.de\/index.php?rest_route=\/wp\/v2\/pages\/434","targetHints":{"allow":["GET"]}}],"collection":[{"href":"https:\/\/agklima.salvatornetz.de\/index.php?rest_route=\/wp\/v2\/pages"}],"about":[{"href":"https:\/\/agklima.salvatornetz.de\/index.php?rest_route=\/wp\/v2\/types\/page"}],"author":[{"embeddable":true,"href":"https:\/\/agklima.salvatornetz.de\/index.php?rest_route=\/wp\/v2\/users\/1"}],"replies":[{"embeddable":true,"href":"https:\/\/agklima.salvatornetz.de\/index.php?rest_route=%2Fwp%2Fv2%2Fcomments&post=434"}],"version-history":[{"count":2,"href":"https:\/\/agklima.salvatornetz.de\/index.php?rest_route=\/wp\/v2\/pages\/434\/revisions"}],"predecessor-version":[{"id":463,"href":"https:\/\/agklima.salvatornetz.de\/index.php?rest_route=\/wp\/v2\/pages\/434\/revisions\/463"}],"wp:attachment":[{"href":"https:\/\/agklima.salvatornetz.de\/index.php?rest_route=%2Fwp%2Fv2%2Fmedia&parent=434"}],"curies":[{"name":"wp","href":"https:\/\/api.w.org\/{rel}","templated":true}]}}