{"id":437,"date":"2010-04-26T20:43:00","date_gmt":"2010-04-26T18:43:00","guid":{"rendered":"https:\/\/agklima.salvatornetz.de\/?page_id=437"},"modified":"2025-02-27T21:54:30","modified_gmt":"2025-02-27T20:54:30","slug":"das-geht-nicht","status":"publish","type":"page","link":"https:\/\/agklima.salvatornetz.de\/?page_id=437","title":{"rendered":"Das geht\u00a0nicht"},"content":{"rendered":"\n<p>Zur Frage 16 von 17<br>Nun schallen aus allen Richtungen die \u00fcblichen Einw\u00e4nde: \u201eDas kostet!\u201c, \u201eWir haben kein Geld\u201c \u201eDas geht nicht\u201c usw. Diese und \u00e4hnliche sind \u201eKillerargumente\u201c, mit denen man alles abw\u00fcrgen kann. (Danach w\u00fcrde vermutlich noch nicht einmal unsere Kirche stehen.) Das kann nicht gewollt sein. Nicht vom Di\u00f6zesanrat, nicht vom KV und auch nicht von uns selbst.<\/p>\n\n\n\n<hr class=\"wp-block-separator has-alpha-channel-opacity is-style-wide\"\/>\n\n\n\n<p class=\"has-text-align-center\"><a href=\"https:\/\/agklima.salvatornetz.de\/?page_id=434\">Zur\u00fcck zur vorigen Frage<\/a> \u2013 <a href=\"https:\/\/agklima.salvatornetz.de\/?page_id=369\">Zur\u00fcck zur \u00dcbersicht<\/a> \u2013 <a href=\"https:\/\/agklima.salvatornetz.de\/?page_id=440\">Weiter zur n\u00e4chsten Frage<\/a><\/p>\n\n\n\n<p><\/p>\n","protected":false},"excerpt":{"rendered":"<p>Zur Frage 16 von 17Nun schallen aus allen Richtungen die \u00fcblichen Einw\u00e4nde: \u201eDas kostet!\u201c, \u201eWir haben kein Geld\u201c \u201eDas geht nicht\u201c usw. Diese und \u00e4hnliche sind \u201eKillerargumente\u201c, mit denen man alles abw\u00fcrgen kann. (Danach w\u00fcrde vermutlich noch nicht einmal unsere Kirche stehen.) Das kann nicht gewollt sein. Nicht vom Di\u00f6zesanrat, nicht vom KV und auch [&hellip;]<\/p>\n","protected":false},"author":1,"featured_media":0,"parent":0,"menu_order":0,"comment_status":"open","ping_status":"closed","template":"","meta":{"footnotes":""},"class_list":["post-437","page","type-page","status-publish","hentry","entry"],"_links":{"self":[{"href":"https:\/\/agklima.salvatornetz.de\/index.php?rest_route=\/wp\/v2\/pages\/437","targetHints":{"allow":["GET"]}}],"collection":[{"href":"https:\/\/agklima.salvatornetz.de\/index.php?rest_route=\/wp\/v2\/pages"}],"about":[{"href":"https:\/\/agklima.salvatornetz.de\/index.php?rest_route=\/wp\/v2\/types\/page"}],"author":[{"embeddable":true,"href":"https:\/\/agklima.salvatornetz.de\/index.php?rest_route=\/wp\/v2\/users\/1"}],"replies":[{"embeddable":true,"href":"https:\/\/agklima.salvatornetz.de\/index.php?rest_route=%2Fwp%2Fv2%2Fcomments&post=437"}],"version-history":[{"count":3,"href":"https:\/\/agklima.salvatornetz.de\/index.php?rest_route=\/wp\/v2\/pages\/437\/revisions"}],"predecessor-version":[{"id":474,"href":"https:\/\/agklima.salvatornetz.de\/index.php?rest_route=\/wp\/v2\/pages\/437\/revisions\/474"}],"wp:attachment":[{"href":"https:\/\/agklima.salvatornetz.de\/index.php?rest_route=%2Fwp%2Fv2%2Fmedia&parent=437"}],"curies":[{"name":"wp","href":"https:\/\/api.w.org\/{rel}","templated":true}]}}