{"id":440,"date":"2010-04-26T20:45:00","date_gmt":"2010-04-26T18:45:00","guid":{"rendered":"https:\/\/agklima.salvatornetz.de\/?page_id=440"},"modified":"2025-02-28T18:30:53","modified_gmt":"2025-02-28T17:30:53","slug":"konkret-ansetzen","status":"publish","type":"page","link":"https:\/\/agklima.salvatornetz.de\/?page_id=440","title":{"rendered":"Konkret\u00a0ansetzen"},"content":{"rendered":"\n<p>Zur Frage 17 von 17<br>An diesen Punkten m\u00fcssen wir konkret ansetzen:<\/p>\n\n\n\n<ul class=\"wp-block-list\">\n<li>Wie k\u00f6nnen wir unseren Strom selbst erzeugen?<\/li>\n\n\n\n<li>Welche Energiequelle ist zum Heizen am besten geeignet?<\/li>\n\n\n\n<li>Wie kann effizienter geheizt werden?<\/li>\n\n\n\n<li>Wie und wo kann der Heizbedarf gesenkt werden?<\/li>\n\n\n\n<li>Wo und wie kann der Stromverbrauch gesenkt werden?<\/li>\n\n\n\n<li>Wo und wie kann Strom effizienter angewendet werden?<\/li>\n<\/ul>\n\n\n\n<hr class=\"wp-block-separator has-alpha-channel-opacity is-style-wide\"\/>\n\n\n\n<p class=\"has-text-align-center\"><a href=\"https:\/\/agklima.salvatornetz.de\/?page_id=437\">Zur\u00fcck zur vorigen Frage<\/a> &#8211; <a href=\"https:\/\/agklima.salvatornetz.de\/?page_id=369\">Zur\u00fcck zur \u00dcbersicht<\/a> &#8211; <a href=\"https:\/\/agklima.salvatornetz.de\/?page_id=383\">Zur ersten Frage<\/a> &#8211; <a href=\"https:\/\/agklima.salvatornetz.de\/?page_id=352\">Ganz andere Frage<\/a><\/p>\n\n\n\n<p><\/p>\n","protected":false},"excerpt":{"rendered":"<p>Zur Frage 17 von 17An diesen Punkten m\u00fcssen wir konkret ansetzen: Zur\u00fcck zur vorigen Frage &#8211; Zur\u00fcck zur \u00dcbersicht &#8211; Zur ersten Frage &#8211; Ganz andere Frage<\/p>\n","protected":false},"author":1,"featured_media":0,"parent":0,"menu_order":0,"comment_status":"open","ping_status":"closed","template":"","meta":{"footnotes":""},"class_list":["post-440","page","type-page","status-publish","hentry","entry"],"_links":{"self":[{"href":"https:\/\/agklima.salvatornetz.de\/index.php?rest_route=\/wp\/v2\/pages\/440","targetHints":{"allow":["GET"]}}],"collection":[{"href":"https:\/\/agklima.salvatornetz.de\/index.php?rest_route=\/wp\/v2\/pages"}],"about":[{"href":"https:\/\/agklima.salvatornetz.de\/index.php?rest_route=\/wp\/v2\/types\/page"}],"author":[{"embeddable":true,"href":"https:\/\/agklima.salvatornetz.de\/index.php?rest_route=\/wp\/v2\/users\/1"}],"replies":[{"embeddable":true,"href":"https:\/\/agklima.salvatornetz.de\/index.php?rest_route=%2Fwp%2Fv2%2Fcomments&post=440"}],"version-history":[{"count":2,"href":"https:\/\/agklima.salvatornetz.de\/index.php?rest_route=\/wp\/v2\/pages\/440\/revisions"}],"predecessor-version":[{"id":460,"href":"https:\/\/agklima.salvatornetz.de\/index.php?rest_route=\/wp\/v2\/pages\/440\/revisions\/460"}],"wp:attachment":[{"href":"https:\/\/agklima.salvatornetz.de\/index.php?rest_route=%2Fwp%2Fv2%2Fmedia&parent=440"}],"curies":[{"name":"wp","href":"https:\/\/api.w.org\/{rel}","templated":true}]}}