{"id":498,"date":"2010-11-13T20:27:00","date_gmt":"2010-11-13T19:27:00","guid":{"rendered":"https:\/\/agklima.salvatornetz.de\/?page_id=498"},"modified":"2025-02-28T20:29:36","modified_gmt":"2025-02-28T19:29:36","slug":"holzpellets-2","status":"publish","type":"page","link":"https:\/\/agklima.salvatornetz.de\/?page_id=498","title":{"rendered":"Holzpellets"},"content":{"rendered":"\n<p>Der Gedanke an eine Holzpellets-Heizung ist erst einmal fremd.<\/p>\n\n\n\n<p>Durch die bisherigen \u00d6ltanks ist beim Wechsel der Heizung ein Lagerraum vorhanden.<\/p>\n\n\n\n<p>Der Energietr\u00e4ger, die Pellets, ist CO2-neutral.<\/p>\n\n\n\n<p>Die Preisentwicklung ist angeblich konstant niedrig geblieben.<\/p>\n\n\n\n<p>M\u00f6glicherweise gibt der Bericht \u00fcber die energetische Untersuchung weitere Hinweise.<\/p>\n\n\n\n<h3 class=\"wp-block-heading\">Fragen<\/h3>\n\n\n\n<ul class=\"wp-block-list\">\n<li>Tankraum f\u00fcr Pellets geeignet?<\/li>\n\n\n\n<li>Und sonst?<\/li>\n<\/ul>\n\n\n\n<p><\/p>\n","protected":false},"excerpt":{"rendered":"<p>Der Gedanke an eine Holzpellets-Heizung ist erst einmal fremd. Durch die bisherigen \u00d6ltanks ist beim Wechsel der Heizung ein Lagerraum vorhanden. Der Energietr\u00e4ger, die Pellets, ist CO2-neutral. Die Preisentwicklung ist angeblich konstant niedrig geblieben. M\u00f6glicherweise gibt der Bericht \u00fcber die energetische Untersuchung weitere Hinweise. Fragen<\/p>\n","protected":false},"author":1,"featured_media":0,"parent":0,"menu_order":0,"comment_status":"open","ping_status":"closed","template":"","meta":{"footnotes":""},"class_list":["post-498","page","type-page","status-publish","hentry","entry"],"_links":{"self":[{"href":"https:\/\/agklima.salvatornetz.de\/index.php?rest_route=\/wp\/v2\/pages\/498","targetHints":{"allow":["GET"]}}],"collection":[{"href":"https:\/\/agklima.salvatornetz.de\/index.php?rest_route=\/wp\/v2\/pages"}],"about":[{"href":"https:\/\/agklima.salvatornetz.de\/index.php?rest_route=\/wp\/v2\/types\/page"}],"author":[{"embeddable":true,"href":"https:\/\/agklima.salvatornetz.de\/index.php?rest_route=\/wp\/v2\/users\/1"}],"replies":[{"embeddable":true,"href":"https:\/\/agklima.salvatornetz.de\/index.php?rest_route=%2Fwp%2Fv2%2Fcomments&post=498"}],"version-history":[{"count":1,"href":"https:\/\/agklima.salvatornetz.de\/index.php?rest_route=\/wp\/v2\/pages\/498\/revisions"}],"predecessor-version":[{"id":500,"href":"https:\/\/agklima.salvatornetz.de\/index.php?rest_route=\/wp\/v2\/pages\/498\/revisions\/500"}],"wp:attachment":[{"href":"https:\/\/agklima.salvatornetz.de\/index.php?rest_route=%2Fwp%2Fv2%2Fmedia&parent=498"}],"curies":[{"name":"wp","href":"https:\/\/api.w.org\/{rel}","templated":true}]}}