{"id":521,"date":"2010-11-13T21:10:00","date_gmt":"2010-11-13T20:10:00","guid":{"rendered":"https:\/\/agklima.salvatornetz.de\/?page_id=521"},"modified":"2025-02-28T21:12:24","modified_gmt":"2025-02-28T20:12:24","slug":"waermepumpe","status":"publish","type":"page","link":"https:\/\/agklima.salvatornetz.de\/?page_id=521","title":{"rendered":"W\u00e4rmepumpe"},"content":{"rendered":"\n<p>Interessant ist f\u00fcr die vorliegenden Belange eine Sole-Wasser-W\u00e4rmepumpe.<\/p>\n\n\n\n<p>Es werden Sonden in mehrere z. B. 50m tiefe L\u00f6cher gesteckt, durch die Wasser (Sole) flie\u00dft. Dabei nimmt die Sole Erdw\u00e4rme auf, die auch im Winter vorhanden ist.<\/p>\n\n\n\n<p>In der W\u00e4rmepumpe wird dann mittels eines elektrischen Kompressors die Sole komprimiert, sodass deren Temperatur auf brauchbare H\u00f6he steigt und zum Heizen geeignet ist.<\/p>\n\n\n\n<p>Anschlie\u00dfend wird die Sole wieder entspannt, damit abgek\u00fchlt, und flie\u00dft erneut durch die Erdsonde.<\/p>\n\n\n\n<p>Um l\u00e4ngere Betriebszeiten zu erreichen wird die W\u00e4rme in einem z. B. 1000 Liter Speicher zwischengespeichert.<\/p>\n\n\n\n<p>Es ist ersichtlich, dass diese Methode besonders f\u00fcr Niedrigtemperaturheizungen geeignet ist, wie z. B. die Fu\u00dfbodenheizung in der Kirche. <\/p>\n\n\n\n<hr class=\"wp-block-separator has-alpha-channel-opacity is-style-wide\"\/>\n","protected":false},"excerpt":{"rendered":"<p>Interessant ist f\u00fcr die vorliegenden Belange eine Sole-Wasser-W\u00e4rmepumpe. Es werden Sonden in mehrere z. B. 50m tiefe L\u00f6cher gesteckt, durch die Wasser (Sole) flie\u00dft. Dabei nimmt die Sole Erdw\u00e4rme auf, die auch im Winter vorhanden ist. In der W\u00e4rmepumpe wird dann mittels eines elektrischen Kompressors die Sole komprimiert, sodass deren Temperatur auf brauchbare H\u00f6he steigt [&hellip;]<\/p>\n","protected":false},"author":1,"featured_media":0,"parent":0,"menu_order":0,"comment_status":"open","ping_status":"closed","template":"","meta":{"footnotes":""},"class_list":["post-521","page","type-page","status-publish","hentry","entry"],"_links":{"self":[{"href":"https:\/\/agklima.salvatornetz.de\/index.php?rest_route=\/wp\/v2\/pages\/521","targetHints":{"allow":["GET"]}}],"collection":[{"href":"https:\/\/agklima.salvatornetz.de\/index.php?rest_route=\/wp\/v2\/pages"}],"about":[{"href":"https:\/\/agklima.salvatornetz.de\/index.php?rest_route=\/wp\/v2\/types\/page"}],"author":[{"embeddable":true,"href":"https:\/\/agklima.salvatornetz.de\/index.php?rest_route=\/wp\/v2\/users\/1"}],"replies":[{"embeddable":true,"href":"https:\/\/agklima.salvatornetz.de\/index.php?rest_route=%2Fwp%2Fv2%2Fcomments&post=521"}],"version-history":[{"count":2,"href":"https:\/\/agklima.salvatornetz.de\/index.php?rest_route=\/wp\/v2\/pages\/521\/revisions"}],"predecessor-version":[{"id":524,"href":"https:\/\/agklima.salvatornetz.de\/index.php?rest_route=\/wp\/v2\/pages\/521\/revisions\/524"}],"wp:attachment":[{"href":"https:\/\/agklima.salvatornetz.de\/index.php?rest_route=%2Fwp%2Fv2%2Fmedia&parent=521"}],"curies":[{"name":"wp","href":"https:\/\/api.w.org\/{rel}","templated":true}]}}