{"id":525,"date":"2010-11-13T21:13:00","date_gmt":"2010-11-13T20:13:00","guid":{"rendered":"https:\/\/agklima.salvatornetz.de\/?page_id=525"},"modified":"2025-02-28T21:14:57","modified_gmt":"2025-02-28T20:14:57","slug":"wirkungsgrad-wirtschaftlichkeit","status":"publish","type":"page","link":"https:\/\/agklima.salvatornetz.de\/?page_id=525","title":{"rendered":"Wirkungsgrad\/ Wirtschaftlichkeit"},"content":{"rendered":"\n<p>Der Wirkungsgrad der W\u00e4rmepumpe sieht folgenderma\u00dfen aus: 1 kWh eingesetzte elektrische Energie ergibt ca. 4 kWh W\u00e4rme. Diese Energiebilanz t\u00e4uscht allerdings, da 1 kWh \u00d6ko-Strom ca. 20 ct und 1 kWh Normal-Gas ca. 6 ct kosten (Gas mit 20% Bio 7,5 ct). Die Investition ist dabei nicht ber\u00fccksichtigt.<\/p>\n\n\n\n<p>Es rechnet sich leichter, wenn die Investition unber\u00fccksichtigt bleibt, falls die Heizung sowieso zu erneuern ist.<\/p>\n\n\n\n<p>Unter Verwendung von \u00d6ko-Strom ist die W\u00e4rmepumpe v\u00f6llig CO2-frei.<\/p>\n\n\n\n<hr class=\"wp-block-separator has-alpha-channel-opacity is-style-wide\"\/>\n","protected":false},"excerpt":{"rendered":"<p>Der Wirkungsgrad der W\u00e4rmepumpe sieht folgenderma\u00dfen aus: 1 kWh eingesetzte elektrische Energie ergibt ca. 4 kWh W\u00e4rme. Diese Energiebilanz t\u00e4uscht allerdings, da 1 kWh \u00d6ko-Strom ca. 20 ct und 1 kWh Normal-Gas ca. 6 ct kosten (Gas mit 20% Bio 7,5 ct). Die Investition ist dabei nicht ber\u00fccksichtigt. Es rechnet sich leichter, wenn die Investition [&hellip;]<\/p>\n","protected":false},"author":1,"featured_media":0,"parent":0,"menu_order":0,"comment_status":"open","ping_status":"closed","template":"","meta":{"footnotes":""},"class_list":["post-525","page","type-page","status-publish","hentry","entry"],"_links":{"self":[{"href":"https:\/\/agklima.salvatornetz.de\/index.php?rest_route=\/wp\/v2\/pages\/525","targetHints":{"allow":["GET"]}}],"collection":[{"href":"https:\/\/agklima.salvatornetz.de\/index.php?rest_route=\/wp\/v2\/pages"}],"about":[{"href":"https:\/\/agklima.salvatornetz.de\/index.php?rest_route=\/wp\/v2\/types\/page"}],"author":[{"embeddable":true,"href":"https:\/\/agklima.salvatornetz.de\/index.php?rest_route=\/wp\/v2\/users\/1"}],"replies":[{"embeddable":true,"href":"https:\/\/agklima.salvatornetz.de\/index.php?rest_route=%2Fwp%2Fv2%2Fcomments&post=525"}],"version-history":[{"count":1,"href":"https:\/\/agklima.salvatornetz.de\/index.php?rest_route=\/wp\/v2\/pages\/525\/revisions"}],"predecessor-version":[{"id":527,"href":"https:\/\/agklima.salvatornetz.de\/index.php?rest_route=\/wp\/v2\/pages\/525\/revisions\/527"}],"wp:attachment":[{"href":"https:\/\/agklima.salvatornetz.de\/index.php?rest_route=%2Fwp%2Fv2%2Fmedia&parent=525"}],"curies":[{"name":"wp","href":"https:\/\/api.w.org\/{rel}","templated":true}]}}