{"id":96,"date":"2024-03-18T20:06:04","date_gmt":"2024-03-18T19:06:04","guid":{"rendered":"https:\/\/agklima.salvatornetz.de\/?page_id=96"},"modified":"2025-02-21T22:12:52","modified_gmt":"2025-02-21T21:12:52","slug":"about","status":"publish","type":"page","link":"https:\/\/agklima.salvatornetz.de\/?page_id=96","title":{"rendered":"About"},"content":{"rendered":"\n<p>Dieses \u00f6ffentliche Blog geh\u00f6rt der zum Jahreswechsel 23\/24 wiederbelebten ehemals aktiven AG in Klima der katholischen Gemeinde Salvator in Berlin-Lichtenrade.<\/p>\n\n\n\n<p>Adresse:<\/p>\n\n\n\n<p>AG Klima<br>\nc\/o Kath. Kirchengemeinde Salvator Berlin-Lichtenrade<br>\nPfarrer-L\u00fctkehaus-Platz 1<br>\nD-12307 Berlin<\/p>\n\n\n\n<p>Sprecher der AG: Dr. Ing&nbsp; Bernhard Pfeiffer<br>Admin: StD Hans U. Scholz (hansulrich), E-Mail: salvator@posteo.de<\/p>\n\n\n\n<p>Die AG ist leicht erreichbar \u00fcber einen Kommentar hier drunter. Fragen kostet nichts. Beim Kommentar ist die Namensangabe freiwillig, K\u00fcrzel oder Nicks sind auch m\u00f6glich.<\/p>\n\n\n\n<p>Abgesehen von dieser Seite werden ansonsten keine Namen ausgeschrieben, der Sprecher ist dann aber immer am B. Pf. im Gegensatz z. B. am oft hier anzutreffenden B. Pr. zu erkennen. Salvatorianer erkennen sich somit.<br>Es werden keine Cookies gesetzt und vom Provider die gesetzlich vorgeschriebene Daten des Besucher-PCs f\u00fcr 14 Tage vorgehalten und nicht von uns hier ausgewertet.<br><br><\/p>\n","protected":false},"excerpt":{"rendered":"<p>Dieses \u00f6ffentliche Blog geh\u00f6rt der zum Jahreswechsel 23\/24 wiederbelebten ehemals aktiven AG in Klima der katholischen Gemeinde Salvator in Berlin-Lichtenrade. Adresse: AG Klima c\/o Kath. Kirchengemeinde Salvator Berlin-Lichtenrade Pfarrer-L\u00fctkehaus-Platz 1 D-12307 Berlin Sprecher der AG: Dr. Ing&nbsp; Bernhard PfeifferAdmin: StD Hans U. Scholz (hansulrich), E-Mail: salvator@posteo.de Die AG ist leicht erreichbar \u00fcber einen Kommentar hier [&hellip;]<\/p>\n","protected":false},"author":1,"featured_media":0,"parent":0,"menu_order":0,"comment_status":"open","ping_status":"closed","template":"","meta":{"footnotes":""},"class_list":["post-96","page","type-page","status-publish","hentry","entry"],"_links":{"self":[{"href":"https:\/\/agklima.salvatornetz.de\/index.php?rest_route=\/wp\/v2\/pages\/96","targetHints":{"allow":["GET"]}}],"collection":[{"href":"https:\/\/agklima.salvatornetz.de\/index.php?rest_route=\/wp\/v2\/pages"}],"about":[{"href":"https:\/\/agklima.salvatornetz.de\/index.php?rest_route=\/wp\/v2\/types\/page"}],"author":[{"embeddable":true,"href":"https:\/\/agklima.salvatornetz.de\/index.php?rest_route=\/wp\/v2\/users\/1"}],"replies":[{"embeddable":true,"href":"https:\/\/agklima.salvatornetz.de\/index.php?rest_route=%2Fwp%2Fv2%2Fcomments&post=96"}],"version-history":[{"count":9,"href":"https:\/\/agklima.salvatornetz.de\/index.php?rest_route=\/wp\/v2\/pages\/96\/revisions"}],"predecessor-version":[{"id":260,"href":"https:\/\/agklima.salvatornetz.de\/index.php?rest_route=\/wp\/v2\/pages\/96\/revisions\/260"}],"wp:attachment":[{"href":"https:\/\/agklima.salvatornetz.de\/index.php?rest_route=%2Fwp%2Fv2%2Fmedia&parent=96"}],"curies":[{"name":"wp","href":"https:\/\/api.w.org\/{rel}","templated":true}]}}